{"id":120,"date":"2024-06-19T09:16:33","date_gmt":"2024-06-19T07:16:33","guid":{"rendered":"http:\/\/192.168.1.165\/dual_wp\/?page_id=120"},"modified":"2025-05-20T08:48:06","modified_gmt":"2025-05-20T06:48:06","slug":"quienes-somos","status":"publish","type":"page","link":"https:\/\/dualconsultores.es\/index.php\/quienes-somos\/","title":{"rendered":"Qui\u00e9nes somos"},"content":{"rendered":"\t\t<div data-elementor-type=\"wp-page\" data-elementor-id=\"120\" class=\"elementor elementor-120\">\n\t\t\t\t<div class=\"elementor-element elementor-element-3404288d e-flex e-con-boxed e-con e-parent\" data-id=\"3404288d\" data-element_type=\"container\">\n\t\t\t\t\t<div class=\"e-con-inner\">\n\t\t\t\t<div class=\"elementor-element elementor-element-692dbb6 elementor-widget elementor-widget-heading\" data-id=\"692dbb6\" data-element_type=\"widget\" data-widget_type=\"heading.default\">\n\t\t\t\t<div class=\"elementor-widget-container\">\n\t\t\t<style>\/*! elementor - v3.22.0 - 17-06-2024 *\/\n.elementor-heading-title{padding:0;margin:0;line-height:1}.elementor-widget-heading .elementor-heading-title[class*=elementor-size-]>a{color:inherit;font-size:inherit;line-height:inherit}.elementor-widget-heading .elementor-heading-title.elementor-size-small{font-size:15px}.elementor-widget-heading .elementor-heading-title.elementor-size-medium{font-size:19px}.elementor-widget-heading .elementor-heading-title.elementor-size-large{font-size:29px}.elementor-widget-heading .elementor-heading-title.elementor-size-xl{font-size:39px}.elementor-widget-heading .elementor-heading-title.elementor-size-xxl{font-size:59px}<\/style><h3 class=\"elementor-heading-title elementor-size-default\">\u00bfQU\u00c9 ES DUAL CONSULTORES?<\/h3>\t\t<\/div>\n\t\t\t\t<\/div>\n\t\t\t\t<div class=\"elementor-element elementor-element-c718dcf elementor-widget elementor-widget-text-editor\" data-id=\"c718dcf\" data-element_type=\"widget\" data-widget_type=\"text-editor.default\">\n\t\t\t\t<div class=\"elementor-widget-container\">\n\t\t\t<style>\/*! elementor - v3.22.0 - 17-06-2024 *\/\n.elementor-widget-text-editor.elementor-drop-cap-view-stacked .elementor-drop-cap{background-color:#69727d;color:#fff}.elementor-widget-text-editor.elementor-drop-cap-view-framed .elementor-drop-cap{color:#69727d;border:3px solid;background-color:transparent}.elementor-widget-text-editor:not(.elementor-drop-cap-view-default) .elementor-drop-cap{margin-top:8px}.elementor-widget-text-editor:not(.elementor-drop-cap-view-default) .elementor-drop-cap-letter{width:1em;height:1em}.elementor-widget-text-editor .elementor-drop-cap{float:left;text-align:center;line-height:1;font-size:50px}.elementor-widget-text-editor .elementor-drop-cap-letter{display:inline-block}<\/style>\t\t\t\t<p>DUAL CONSULTORES GTU S.L. tiene \u00e1mbito nacional y es la primera consultora\u00a0<strong>GLOBAL<\/strong>\u00a0en Espa\u00f1a que aplica los principios de la\u00a0<strong>GESTI\u00d3N T\u00c9CNICA UNIFICADA<\/strong>.<\/p>\t\t\t\t\t\t<\/div>\n\t\t\t\t<\/div>\n\t\t\t\t\t<\/div>\n\t\t\t\t<\/div>\n\t\t<div class=\"elementor-element elementor-element-9a3cba2 e-con-full e-flex e-con e-parent\" data-id=\"9a3cba2\" data-element_type=\"container\">\n\t\t\t\t<div class=\"elementor-element elementor-element-e48aebf elementor-widget elementor-widget-video\" data-id=\"e48aebf\" data-element_type=\"widget\" data-settings=\"{&quot;video_type&quot;:&quot;hosted&quot;,&quot;mute&quot;:&quot;yes&quot;,&quot;controls&quot;:&quot;yes&quot;}\" data-widget_type=\"video.default\">\n\t\t\t\t<div class=\"elementor-widget-container\">\n\t\t\t<style>\/*! elementor - v3.22.0 - 17-06-2024 *\/\n.elementor-widget-video .elementor-widget-container{overflow:hidden;transform:translateZ(0)}.elementor-widget-video .elementor-wrapper{aspect-ratio:var(--video-aspect-ratio)}.elementor-widget-video .elementor-wrapper iframe,.elementor-widget-video .elementor-wrapper video{height:100%;width:100%;display:flex;border:none;background-color:#000}@supports not (aspect-ratio:1\/1){.elementor-widget-video .elementor-wrapper{position:relative;overflow:hidden;height:0;padding-bottom:calc(100% \/ var(--video-aspect-ratio))}.elementor-widget-video .elementor-wrapper iframe,.elementor-widget-video .elementor-wrapper video{position:absolute;top:0;right:0;bottom:0;left:0}}.elementor-widget-video .elementor-open-inline .elementor-custom-embed-image-overlay{position:absolute;top:0;right:0;bottom:0;left:0;background-size:cover;background-position:50%}.elementor-widget-video .elementor-custom-embed-image-overlay{cursor:pointer;text-align:center}.elementor-widget-video .elementor-custom-embed-image-overlay:hover .elementor-custom-embed-play i{opacity:1}.elementor-widget-video .elementor-custom-embed-image-overlay img{display:block;width:100%;aspect-ratio:var(--video-aspect-ratio);-o-object-fit:cover;object-fit:cover;-o-object-position:center center;object-position:center center}@supports not (aspect-ratio:1\/1){.elementor-widget-video .elementor-custom-embed-image-overlay{position:relative;overflow:hidden;height:0;padding-bottom:calc(100% \/ var(--video-aspect-ratio))}.elementor-widget-video .elementor-custom-embed-image-overlay img{position:absolute;top:0;right:0;bottom:0;left:0}}.elementor-widget-video .e-hosted-video .elementor-video{-o-object-fit:cover;object-fit:cover}.e-con-inner>.elementor-widget-video,.e-con>.elementor-widget-video{width:var(--container-widget-width);--flex-grow:var(--container-widget-flex-grow)}<\/style>\t\t<div class=\"e-hosted-video elementor-wrapper elementor-open-inline\">\n\t\t\t\t\t<video class=\"elementor-video\" src=\"http:\/\/5.250.185.98\/dual_wp\/wp-content\/uploads\/2024\/06\/Video-Presentacion-DUAL-CONSULTORES-GTU-SL.mp4\" controls=\"\" preload=\"metadata\" muted=\"muted\" controlsList=\"nodownload\"><\/video>\n\t\t\t\t<\/div>\n\t\t\t\t<\/div>\n\t\t\t\t<\/div>\n\t\t\t\t<\/div>\n\t\t<div class=\"elementor-element elementor-element-bc44a9f e-flex e-con-boxed e-con e-parent\" data-id=\"bc44a9f\" data-element_type=\"container\">\n\t\t\t\t\t<div class=\"e-con-inner\">\n\t\t<div class=\"elementor-element elementor-element-2a43e6d e-con-full e-flex e-con e-child\" data-id=\"2a43e6d\" data-element_type=\"container\">\n\t\t\t\t<div class=\"elementor-element elementor-element-d3eb50f elementor-widget elementor-widget-text-editor\" data-id=\"d3eb50f\" data-element_type=\"widget\" data-widget_type=\"text-editor.default\">\n\t\t\t\t<div class=\"elementor-widget-container\">\n\t\t\t\t\t\t\t<p>La base de este modelo de actuaci\u00f3n cara al cliente reside en que la gesti\u00f3n es realizada por el equipo de t\u00e9cnicos cualificados de DUAL CONSULTORES, quienes optimizan los recursos para garantizar el cumplimiento de los requisitos legales o de cualquier otra \u00edndole sin un coste \u00a0extra\u00a0y evitando que el empresario est\u00e9 obligado a contactar con diferentes empresas y a vigilar el cumplimiento de\u00a0todos sus cometidos.<\/p>\t\t\t\t\t\t<\/div>\n\t\t\t\t<\/div>\n\t\t\t\t<\/div>\n\t\t<div class=\"elementor-element elementor-element-fcd8dcf e-con-full e-flex e-con e-child\" data-id=\"fcd8dcf\" data-element_type=\"container\">\n\t\t\t\t<div class=\"elementor-element elementor-element-fc17748 elementor-widget__width-inherit elementor-widget elementor-widget-image\" data-id=\"fc17748\" data-element_type=\"widget\" data-widget_type=\"image.default\">\n\t\t\t\t<div class=\"elementor-widget-container\">\n\t\t\t<style>\/*! elementor - v3.22.0 - 17-06-2024 *\/\n.elementor-widget-image{text-align:center}.elementor-widget-image a{display:inline-block}.elementor-widget-image a img[src$=\".svg\"]{width:48px}.elementor-widget-image img{vertical-align:middle;display:inline-block}<\/style>\t\t\t\t\t\t\t\t\t\t<img decoding=\"async\" width=\"185\" height=\"113\" src=\"https:\/\/dualconsultores.es\/wp-content\/uploads\/2024\/06\/qs1.png\" class=\"attachment-large size-large wp-image-124\" alt=\"\" \/>\t\t\t\t\t\t\t\t\t\t\t\t\t<\/div>\n\t\t\t\t<\/div>\n\t\t\t\t<\/div>\n\t\t\t\t\t<\/div>\n\t\t\t\t<\/div>\n\t\t<div class=\"elementor-element elementor-element-0fa99bc e-flex e-con-boxed e-con e-parent\" data-id=\"0fa99bc\" data-element_type=\"container\">\n\t\t\t\t\t<div class=\"e-con-inner\">\n\t\t<div class=\"elementor-element elementor-element-28c76d1 e-con-full e-flex e-con e-child\" data-id=\"28c76d1\" data-element_type=\"container\">\n\t\t\t\t<div class=\"elementor-element elementor-element-94c4d4c elementor-widget__width-inherit elementor-widget elementor-widget-image\" data-id=\"94c4d4c\" data-element_type=\"widget\" data-widget_type=\"image.default\">\n\t\t\t\t<div class=\"elementor-widget-container\">\n\t\t\t\t\t\t\t\t\t\t\t\t\t<img decoding=\"async\" width=\"185\" height=\"113\" src=\"https:\/\/dualconsultores.es\/wp-content\/uploads\/2024\/06\/qs2.png\" class=\"attachment-large size-large wp-image-125\" alt=\"\" \/>\t\t\t\t\t\t\t\t\t\t\t\t\t<\/div>\n\t\t\t\t<\/div>\n\t\t\t\t<\/div>\n\t\t<div class=\"elementor-element elementor-element-7ea546f e-con-full e-flex e-con e-child\" data-id=\"7ea546f\" data-element_type=\"container\">\n\t\t\t\t<div class=\"elementor-element elementor-element-d96dd55 elementor-widget elementor-widget-text-editor\" data-id=\"d96dd55\" data-element_type=\"widget\" data-widget_type=\"text-editor.default\">\n\t\t\t\t<div class=\"elementor-widget-container\">\n\t\t\t\t\t\t\t<p>B\u00e1sicamente, cara al cliente, s\u00f3lo existe una entidad que gestiona todos esos aspectos necesarios para el buen funcionamiento de la empresa, pero que no inciden directamente sobre la producci\u00f3n. Dicha entidad realiza una planificaci\u00f3n anual, vigila su cumplimiento, fija las citas, inspecciones, visitas, etc. y finalmente realiza una auditor\u00eda documental de control, de modo que cualquier incumplimiento sea solucionado sin que el empresario tenga que molestarse en conseguirlo.<\/p>\t\t\t\t\t\t<\/div>\n\t\t\t\t<\/div>\n\t\t\t\t<\/div>\n\t\t\t\t\t<\/div>\n\t\t\t\t<\/div>\n\t\t<div class=\"elementor-element elementor-element-ee078f2 e-flex e-con-boxed e-con e-parent\" data-id=\"ee078f2\" data-element_type=\"container\">\n\t\t\t\t\t<div class=\"e-con-inner\">\n\t\t<div class=\"elementor-element elementor-element-cc43a6e e-con-full e-flex e-con e-child\" data-id=\"cc43a6e\" data-element_type=\"container\">\n\t\t\t\t<div class=\"elementor-element elementor-element-ea42898 elementor-widget elementor-widget-text-editor\" data-id=\"ea42898\" data-element_type=\"widget\" data-widget_type=\"text-editor.default\">\n\t\t\t\t<div class=\"elementor-widget-container\">\n\t\t\t\t\t\t\t<p>Asimismo, el cliente puede tener la seguridad y garant\u00eda de cumplir con la legislaci\u00f3n vigente y cualquier otro requisito de obligado cumplimiento sin tener que preocuparse de estar al tanto de la aprobaci\u00f3n de una nueva normativa o de la modificaci\u00f3n de las ya existentes.\u00a0\u00a0<\/p>\t\t\t\t\t\t<\/div>\n\t\t\t\t<\/div>\n\t\t\t\t<\/div>\n\t\t<div class=\"elementor-element elementor-element-5b01bf5 e-con-full e-flex e-con e-child\" data-id=\"5b01bf5\" data-element_type=\"container\">\n\t\t\t\t<div class=\"elementor-element elementor-element-e703d6a elementor-widget__width-inherit elementor-widget elementor-widget-image\" data-id=\"e703d6a\" data-element_type=\"widget\" data-widget_type=\"image.default\">\n\t\t\t\t<div class=\"elementor-widget-container\">\n\t\t\t\t\t\t\t\t\t\t\t\t\t<img decoding=\"async\" width=\"185\" height=\"113\" src=\"https:\/\/dualconsultores.es\/wp-content\/uploads\/2024\/06\/qs.png\" class=\"attachment-large size-large wp-image-126\" alt=\"\" \/>\t\t\t\t\t\t\t\t\t\t\t\t\t<\/div>\n\t\t\t\t<\/div>\n\t\t\t\t<\/div>\n\t\t\t\t\t<\/div>\n\t\t\t\t<\/div>\n\t\t<div class=\"elementor-element elementor-element-2cc0d62 e-flex e-con-boxed e-con e-parent\" data-id=\"2cc0d62\" data-element_type=\"container\">\n\t\t\t\t\t<div class=\"e-con-inner\">\n\t\t<div class=\"elementor-element elementor-element-ebdad04 e-con-full e-flex e-con e-child\" data-id=\"ebdad04\" data-element_type=\"container\">\n\t\t\t\t<div class=\"elementor-element elementor-element-873501a elementor-widget__width-inherit elementor-widget elementor-widget-image\" data-id=\"873501a\" data-element_type=\"widget\" data-widget_type=\"image.default\">\n\t\t\t\t<div class=\"elementor-widget-container\">\n\t\t\t\t\t\t\t\t\t\t\t\t\t<img loading=\"lazy\" decoding=\"async\" width=\"185\" height=\"113\" src=\"https:\/\/dualconsultores.es\/wp-content\/uploads\/2024\/06\/qs5.png\" class=\"attachment-large size-large wp-image-127\" alt=\"\" \/>\t\t\t\t\t\t\t\t\t\t\t\t\t<\/div>\n\t\t\t\t<\/div>\n\t\t\t\t<\/div>\n\t\t<div class=\"elementor-element elementor-element-74d83fa e-con-full e-flex e-con e-child\" data-id=\"74d83fa\" data-element_type=\"container\">\n\t\t\t\t<div class=\"elementor-element elementor-element-be5d33c elementor-widget elementor-widget-text-editor\" data-id=\"be5d33c\" data-element_type=\"widget\" data-widget_type=\"text-editor.default\">\n\t\t\t\t<div class=\"elementor-widget-container\">\n\t\t\t\t\t\t\t<p>DUAL CONSULTORES gestiona todos los aspectos t\u00e9cnicos, concretando el equipo t\u00e9cnico profesional que m\u00e1s se ajusta a la empresa seg\u00fan la zona, actividad, volumen de negocio, etc. Con ello, el cliente tiene la garant\u00eda de contar con los T\u00e9cnicos o Proveedores acreditados \u00f3ptimos para su actividad, y siempre teniendo en cuenta que al frente del equipo t\u00e9cnico contratado estar\u00e1 el profesional de Dual Consultores de confianza del empresario.<\/p>\t\t\t\t\t\t<\/div>\n\t\t\t\t<\/div>\n\t\t\t\t<\/div>\n\t\t\t\t\t<\/div>\n\t\t\t\t<\/div>\n\t\t\t\t<\/div>\n\t\t","protected":false},"excerpt":{"rendered":"<p>\u00bfQU\u00c9 ES DUAL CONSULTORES? DUAL CONSULTORES GTU S.L. tiene \u00e1mbito nacional y es la primera consultora\u00a0GLOBAL\u00a0en Espa\u00f1a que aplica los principios de la\u00a0GESTI\u00d3N T\u00c9CNICA UNIFICADA. http:\/\/5.250.185.98\/dual_wp\/wp-content\/uploads\/2024\/06\/Video-Presentacion-DUAL-CONSULTORES-GTU-SL.mp4 La base de este modelo de actuaci\u00f3n cara al cliente reside en que la gesti\u00f3n es realizada por el equipo de t\u00e9cnicos cualificados de DUAL CONSULTORES, quienes optimizan los [&hellip;]<\/p>\n","protected":false},"author":2,"featured_media":0,"parent":0,"menu_order":0,"comment_status":"closed","ping_status":"closed","template":"elementor_theme","meta":{"footnotes":""},"_links":{"self":[{"href":"https:\/\/dualconsultores.es\/index.php\/wp-json\/wp\/v2\/pages\/120"}],"collection":[{"href":"https:\/\/dualconsultores.es\/index.php\/wp-json\/wp\/v2\/pages"}],"about":[{"href":"https:\/\/dualconsultores.es\/index.php\/wp-json\/wp\/v2\/types\/page"}],"author":[{"embeddable":true,"href":"https:\/\/dualconsultores.es\/index.php\/wp-json\/wp\/v2\/users\/2"}],"replies":[{"embeddable":true,"href":"https:\/\/dualconsultores.es\/index.php\/wp-json\/wp\/v2\/comments?post=120"}],"version-history":[{"count":25,"href":"https:\/\/dualconsultores.es\/index.php\/wp-json\/wp\/v2\/pages\/120\/revisions"}],"predecessor-version":[{"id":1104,"href":"https:\/\/dualconsultores.es\/index.php\/wp-json\/wp\/v2\/pages\/120\/revisions\/1104"}],"wp:attachment":[{"href":"https:\/\/dualconsultores.es\/index.php\/wp-json\/wp\/v2\/media?parent=120"}],"curies":[{"name":"wp","href":"https:\/\/api.w.org\/{rel}","templated":true}]}}