{"id":145,"date":"2024-06-19T09:43:03","date_gmt":"2024-06-19T07:43:03","guid":{"rendered":"http:\/\/192.168.1.165\/dual_wp\/?page_id=145"},"modified":"2024-10-03T09:11:56","modified_gmt":"2024-10-03T07:11:56","slug":"gestion-unificada","status":"publish","type":"page","link":"https:\/\/dualconsultores.es\/index.php\/gestion-unificada\/","title":{"rendered":"Gesti\u00f3n Unificada"},"content":{"rendered":"\t\t<div data-elementor-type=\"wp-page\" data-elementor-id=\"145\" class=\"elementor elementor-145\">\n\t\t\t\t<div class=\"elementor-element elementor-element-6090070 e-flex e-con-boxed e-con e-parent\" data-id=\"6090070\" data-element_type=\"container\">\n\t\t\t\t\t<div class=\"e-con-inner\">\n\t\t\t\t<div class=\"elementor-element elementor-element-8c97fc0 elementor-widget elementor-widget-heading\" data-id=\"8c97fc0\" data-element_type=\"widget\" data-widget_type=\"heading.default\">\n\t\t\t\t<div class=\"elementor-widget-container\">\n\t\t\t<style>\/*! elementor - v3.22.0 - 17-06-2024 *\/\n.elementor-heading-title{padding:0;margin:0;line-height:1}.elementor-widget-heading .elementor-heading-title[class*=elementor-size-]>a{color:inherit;font-size:inherit;line-height:inherit}.elementor-widget-heading .elementor-heading-title.elementor-size-small{font-size:15px}.elementor-widget-heading .elementor-heading-title.elementor-size-medium{font-size:19px}.elementor-widget-heading .elementor-heading-title.elementor-size-large{font-size:29px}.elementor-widget-heading .elementor-heading-title.elementor-size-xl{font-size:39px}.elementor-widget-heading .elementor-heading-title.elementor-size-xxl{font-size:59px}<\/style><h3 class=\"elementor-heading-title elementor-size-default\">\u00bfPOR QU\u00c9 LA GESTI\u00d3N T\u00c9CNICA UNIFICADA?<\/h3>\t\t<\/div>\n\t\t\t\t<\/div>\n\t\t\t\t\t<\/div>\n\t\t\t\t<\/div>\n\t\t<div class=\"elementor-element elementor-element-dc9ea9c e-flex e-con-boxed e-con e-parent\" data-id=\"dc9ea9c\" data-element_type=\"container\">\n\t\t\t\t\t<div class=\"e-con-inner\">\n\t\t\t\t<div class=\"elementor-element elementor-element-3bea42c elementor-widget elementor-widget-html\" data-id=\"3bea42c\" data-element_type=\"widget\" data-widget_type=\"html.default\">\n\t\t\t\t<div class=\"elementor-widget-container\">\n\t\t\t<div style=\"text-align: center; color: Dodgerblue;\"><i class=\"fa-solid fa-file-invoice fa-4x\"><\/i><\/div>\t\t<\/div>\n\t\t\t\t<\/div>\n\t\t<div class=\"elementor-element elementor-element-a641319 e-con-full e-flex e-con e-child\" data-id=\"a641319\" data-element_type=\"container\">\n\t\t\t\t<div class=\"elementor-element elementor-element-e812e7a elementor-widget elementor-widget-text-editor\" data-id=\"e812e7a\" data-element_type=\"widget\" data-widget_type=\"text-editor.default\">\n\t\t\t\t<div class=\"elementor-widget-container\">\n\t\t\t<style>\/*! elementor - v3.22.0 - 17-06-2024 *\/\n.elementor-widget-text-editor.elementor-drop-cap-view-stacked .elementor-drop-cap{background-color:#69727d;color:#fff}.elementor-widget-text-editor.elementor-drop-cap-view-framed .elementor-drop-cap{color:#69727d;border:3px solid;background-color:transparent}.elementor-widget-text-editor:not(.elementor-drop-cap-view-default) .elementor-drop-cap{margin-top:8px}.elementor-widget-text-editor:not(.elementor-drop-cap-view-default) .elementor-drop-cap-letter{width:1em;height:1em}.elementor-widget-text-editor .elementor-drop-cap{float:left;text-align:center;line-height:1;font-size:50px}.elementor-widget-text-editor .elementor-drop-cap-letter{display:inline-block}<\/style>\t\t\t\t<p><span style=\"color: #666666;\">Porque el empresario deja de invertir recursos -tiempo y dinero- en la gesti\u00f3n de aquellos aspectos que, siendo de obligado cumplimiento, no inciden directamente en su actividad empresarial y para los que no tiene preparaci\u00f3n espec\u00edfica.<\/span><\/p>\t\t\t\t\t\t<\/div>\n\t\t\t\t<\/div>\n\t\t\t\t<\/div>\n\t\t\t\t\t<\/div>\n\t\t\t\t<\/div>\n\t\t<div class=\"elementor-element elementor-element-a55c6ea e-flex e-con-boxed e-con e-parent\" data-id=\"a55c6ea\" data-element_type=\"container\">\n\t\t\t\t\t<div class=\"e-con-inner\">\n\t\t\t\t<div class=\"elementor-element elementor-element-0beb9da elementor-widget elementor-widget-html\" data-id=\"0beb9da\" data-element_type=\"widget\" data-widget_type=\"html.default\">\n\t\t\t\t<div class=\"elementor-widget-container\">\n\t\t\t<div style=\"text-align: center; color: Dodgerblue;\"><i class=\"fa-solid fa-people-group fa-4x\"><\/i><\/div>\t\t<\/div>\n\t\t\t\t<\/div>\n\t\t<div class=\"elementor-element elementor-element-1e7888f e-con-full e-flex e-con e-child\" data-id=\"1e7888f\" data-element_type=\"container\">\n\t\t\t\t<div class=\"elementor-element elementor-element-cc2fefe elementor-widget elementor-widget-text-editor\" data-id=\"cc2fefe\" data-element_type=\"widget\" data-widget_type=\"text-editor.default\">\n\t\t\t\t<div class=\"elementor-widget-container\">\n\t\t\t\t\t\t\t<p><span style=\"color: #666666;\">Porque un equipo de t\u00e9cnicos se encarga de estudiar cada uno de los aspectos t\u00e9cnicos de modo que se elija la opci\u00f3n m\u00e1s favorable para las diferentes empresas, asegurando su cumplimiento de la forma m\u00e1s eficaz y \u00f3ptima para el empresario.<\/span><\/p>\t\t\t\t\t\t<\/div>\n\t\t\t\t<\/div>\n\t\t\t\t<\/div>\n\t\t\t\t\t<\/div>\n\t\t\t\t<\/div>\n\t\t<div class=\"elementor-element elementor-element-fc5b3c9 e-flex e-con-boxed e-con e-parent\" data-id=\"fc5b3c9\" data-element_type=\"container\">\n\t\t\t\t\t<div class=\"e-con-inner\">\n\t\t\t\t<div class=\"elementor-element elementor-element-fa8f42b elementor-widget elementor-widget-html\" data-id=\"fa8f42b\" data-element_type=\"widget\" data-widget_type=\"html.default\">\n\t\t\t\t<div class=\"elementor-widget-container\">\n\t\t\t<div style=\"text-align: center; color: Dodgerblue;\"><i class=\"fa-solid fa-user-tie fa-4x\"><\/i><\/div>\t\t<\/div>\n\t\t\t\t<\/div>\n\t\t<div class=\"elementor-element elementor-element-b83d200 e-con-full e-flex e-con e-child\" data-id=\"b83d200\" data-element_type=\"container\">\n\t\t\t\t<div class=\"elementor-element elementor-element-c9633fb elementor-widget elementor-widget-text-editor\" data-id=\"c9633fb\" data-element_type=\"widget\" data-widget_type=\"text-editor.default\">\n\t\t\t\t<div class=\"elementor-widget-container\">\n\t\t\t\t\t\t\t<p><span style=\"color: #666666;\">Porque frente al empresario s\u00f3lo hay un interlocutor que se encarga de toda la gesti\u00f3n de entidades, profesionales y t\u00e9cnicos que intervienen en las inspecciones reglamentarias, mantenimiento de sistemas, evaluaciones de prevenci\u00f3n, etc.<\/span><\/p>\t\t\t\t\t\t<\/div>\n\t\t\t\t<\/div>\n\t\t\t\t<\/div>\n\t\t\t\t\t<\/div>\n\t\t\t\t<\/div>\n\t\t<div class=\"elementor-element elementor-element-dd4157d e-flex e-con-boxed e-con e-parent\" data-id=\"dd4157d\" data-element_type=\"container\">\n\t\t\t\t\t<div class=\"e-con-inner\">\n\t\t\t\t<div class=\"elementor-element elementor-element-5fbeebd elementor-widget elementor-widget-html\" data-id=\"5fbeebd\" data-element_type=\"widget\" data-widget_type=\"html.default\">\n\t\t\t\t<div class=\"elementor-widget-container\">\n\t\t\t<div style=\"text-align: center; color: Dodgerblue;\"><i class=\"fa-solid fa-money-bill-trend-up fa-4x\"><\/i><\/div>\t\t<\/div>\n\t\t\t\t<\/div>\n\t\t<div class=\"elementor-element elementor-element-9e12f27 e-con-full e-flex e-con e-child\" data-id=\"9e12f27\" data-element_type=\"container\">\n\t\t\t\t<div class=\"elementor-element elementor-element-6ec8b05 elementor-widget elementor-widget-text-editor\" data-id=\"6ec8b05\" data-element_type=\"widget\" data-widget_type=\"text-editor.default\">\n\t\t\t\t<div class=\"elementor-widget-container\">\n\t\t\t\t\t\t\t<p style=\"text-align: left;\"><span style=\"color: #666666;\">Porque el coste conjunto se reduce al unificar las diferentes sinergias.<\/span><\/p>\t\t\t\t\t\t<\/div>\n\t\t\t\t<\/div>\n\t\t\t\t<\/div>\n\t\t\t\t\t<\/div>\n\t\t\t\t<\/div>\n\t\t<div class=\"elementor-element elementor-element-d8e364d e-flex e-con-boxed e-con e-parent\" data-id=\"d8e364d\" data-element_type=\"container\">\n\t\t\t\t\t<div class=\"e-con-inner\">\n\t\t\t\t<div class=\"elementor-element elementor-element-280e99d elementor-widget elementor-widget-html\" data-id=\"280e99d\" data-element_type=\"widget\" data-widget_type=\"html.default\">\n\t\t\t\t<div class=\"elementor-widget-container\">\n\t\t\t<div style=\"text-align: center; color: Dodgerblue;\"><i class=\"fa-solid fa-thumbs-up fa-4x\"><\/i><\/div>\t\t<\/div>\n\t\t\t\t<\/div>\n\t\t<div class=\"elementor-element elementor-element-c30057a e-con-full e-flex e-con e-child\" data-id=\"c30057a\" data-element_type=\"container\">\n\t\t\t\t<div class=\"elementor-element elementor-element-9738c8c elementor-widget elementor-widget-text-editor\" data-id=\"9738c8c\" data-element_type=\"widget\" data-widget_type=\"text-editor.default\">\n\t\t\t\t<div class=\"elementor-widget-container\">\n\t\t\t\t\t\t\t<p><span style=\"color: #666666;\">Porque siempre se contar\u00e1 con entidades de primer orden nacional o internacional.<\/span><\/p>\t\t\t\t\t\t<\/div>\n\t\t\t\t<\/div>\n\t\t\t\t<\/div>\n\t\t\t\t\t<\/div>\n\t\t\t\t<\/div>\n\t\t<div class=\"elementor-element elementor-element-a342e39 e-flex e-con-boxed e-con e-parent\" data-id=\"a342e39\" data-element_type=\"container\">\n\t\t\t\t\t<div class=\"e-con-inner\">\n\t\t\t\t<div class=\"elementor-element elementor-element-b7a3bed elementor-widget elementor-widget-html\" data-id=\"b7a3bed\" data-element_type=\"widget\" data-widget_type=\"html.default\">\n\t\t\t\t<div class=\"elementor-widget-container\">\n\t\t\t<div style=\"text-align: center; color: Dodgerblue;\"><i class=\"fa-solid fa-handshake fa-4x\"><\/i><\/div>\t\t<\/div>\n\t\t\t\t<\/div>\n\t\t<div class=\"elementor-element elementor-element-5ac85f9 e-con-full e-flex e-con e-child\" data-id=\"5ac85f9\" data-element_type=\"container\">\n\t\t\t\t<div class=\"elementor-element elementor-element-9b6a22c elementor-widget elementor-widget-text-editor\" data-id=\"9b6a22c\" data-element_type=\"widget\" data-widget_type=\"text-editor.default\">\n\t\t\t\t<div class=\"elementor-widget-container\">\n\t\t\t\t\t\t\t<p><span style=\"color: #666666;\">Porque se adecuar\u00e1n las necesidades del empresario a una especie de \u201ctarifa plana\u201d que defina cual es el pago anual en una sola cantidad, de forma clara y sin sorpresas.<\/span><\/p>\t\t\t\t\t\t<\/div>\n\t\t\t\t<\/div>\n\t\t\t\t<\/div>\n\t\t\t\t\t<\/div>\n\t\t\t\t<\/div>\n\t\t<div class=\"elementor-element elementor-element-3fef401 e-flex e-con-boxed e-con e-parent\" data-id=\"3fef401\" data-element_type=\"container\">\n\t\t\t\t\t<div class=\"e-con-inner\">\n\t\t\t\t<div class=\"elementor-element elementor-element-d4d660b elementor-widget elementor-widget-html\" data-id=\"d4d660b\" data-element_type=\"widget\" data-widget_type=\"html.default\">\n\t\t\t\t<div class=\"elementor-widget-container\">\n\t\t\t<div style=\"text-align: center; color: Dodgerblue;\"><i class=\"fa-solid fa-list-check fa-4x\"><\/i><\/div>\t\t<\/div>\n\t\t\t\t<\/div>\n\t\t<div class=\"elementor-element elementor-element-8c2d316 e-con-full e-flex e-con e-child\" data-id=\"8c2d316\" data-element_type=\"container\">\n\t\t\t\t<div class=\"elementor-element elementor-element-cb5ea09 elementor-widget elementor-widget-text-editor\" data-id=\"cb5ea09\" data-element_type=\"widget\" data-widget_type=\"text-editor.default\">\n\t\t\t\t<div class=\"elementor-widget-container\">\n\t\t\t\t\t\t\t<p><span style=\"color: #666666;\">Porque se realiza un control activo de las actividades anuales que garantizara el cumplimiento de los requisitos normativos y reglamentarios.<\/span><\/p>\t\t\t\t\t\t<\/div>\n\t\t\t\t<\/div>\n\t\t\t\t<\/div>\n\t\t\t\t\t<\/div>\n\t\t\t\t<\/div>\n\t\t\t\t<\/div>\n\t\t","protected":false},"excerpt":{"rendered":"<p>\u00bfPOR QU\u00c9 LA GESTI\u00d3N T\u00c9CNICA UNIFICADA? Porque el empresario deja de invertir recursos -tiempo y dinero- en la gesti\u00f3n de aquellos aspectos que, siendo de obligado cumplimiento, no inciden directamente en su actividad empresarial y para los que no tiene preparaci\u00f3n espec\u00edfica. Porque un equipo de t\u00e9cnicos se encarga de estudiar cada uno de los [&hellip;]<\/p>\n","protected":false},"author":2,"featured_media":0,"parent":0,"menu_order":0,"comment_status":"closed","ping_status":"closed","template":"elementor_theme","meta":{"footnotes":""},"_links":{"self":[{"href":"https:\/\/dualconsultores.es\/index.php\/wp-json\/wp\/v2\/pages\/145"}],"collection":[{"href":"https:\/\/dualconsultores.es\/index.php\/wp-json\/wp\/v2\/pages"}],"about":[{"href":"https:\/\/dualconsultores.es\/index.php\/wp-json\/wp\/v2\/types\/page"}],"author":[{"embeddable":true,"href":"https:\/\/dualconsultores.es\/index.php\/wp-json\/wp\/v2\/users\/2"}],"replies":[{"embeddable":true,"href":"https:\/\/dualconsultores.es\/index.php\/wp-json\/wp\/v2\/comments?post=145"}],"version-history":[{"count":37,"href":"https:\/\/dualconsultores.es\/index.php\/wp-json\/wp\/v2\/pages\/145\/revisions"}],"predecessor-version":[{"id":1014,"href":"https:\/\/dualconsultores.es\/index.php\/wp-json\/wp\/v2\/pages\/145\/revisions\/1014"}],"wp:attachment":[{"href":"https:\/\/dualconsultores.es\/index.php\/wp-json\/wp\/v2\/media?parent=145"}],"curies":[{"name":"wp","href":"https:\/\/api.w.org\/{rel}","templated":true}]}}