{"id":164,"date":"2024-06-19T10:09:50","date_gmt":"2024-06-19T08:09:50","guid":{"rendered":"http:\/\/192.168.1.165\/dual_wp\/?page_id=164"},"modified":"2024-10-02T12:32:53","modified_gmt":"2024-10-02T10:32:53","slug":"noticias","status":"publish","type":"page","link":"https:\/\/dualconsultores.es\/index.php\/noticias\/","title":{"rendered":"Noticias"},"content":{"rendered":"\t\t<div data-elementor-type=\"wp-page\" data-elementor-id=\"164\" class=\"elementor elementor-164\">\n\t\t\t\t<div class=\"elementor-element elementor-element-426dcdd e-flex e-con-boxed e-con e-parent\" data-id=\"426dcdd\" data-element_type=\"container\">\n\t\t\t\t\t<div class=\"e-con-inner\">\n\t\t\t\t<div class=\"elementor-element elementor-element-c3376ca elementor-widget elementor-widget-shortcode\" data-id=\"c3376ca\" data-element_type=\"widget\" data-widget_type=\"shortcode.default\">\n\t\t\t\t<div class=\"elementor-widget-container\">\n\t\t\t\t\t<div class=\"elementor-shortcode\"><div class=\"pt-cv-wrapper\"><h1 class='pt-cv-heading-container heading4' data-blockid='0e046c8sev'><span class='pt-cv-heading'> Noticias <\/span><\/h1><div class=\"pt-cv-view pt-cv-blockgrid iscvblock iscvhybrid grid1 layout1\" id=\"pt-cv-view-0e046c8sev\"><div data-id=\"pt-cv-page-1\" class=\"pt-cv-page\" data-cvc=\"2\"><div class=\" pt-cv-content-item pt-cv-1-col\" ><div class=\"pt-cv-thumb-wrapper  \"><a href=\"https:\/\/dualconsultores.es\/index.php\/2024\/06\/19\/feria-del-olivo-en-montoro\/\" class=\"_self pt-cv-href-thumbnail pt-cv-thumb-default\" target=\"_self\" ><img fetchpriority=\"high\" decoding=\"async\" width=\"320\" height=\"448\" src=\"https:\/\/dualconsultores.es\/wp-content\/uploads\/2024\/06\/Programa-Feria-del-Olivo.jpg\" class=\"pt-cv-thumbnail\" alt=\"\" \/><\/a><\/div>\n<h4 class=\"pt-cv-title\"><a href=\"https:\/\/dualconsultores.es\/index.php\/2024\/06\/19\/feria-del-olivo-en-montoro\/\" class=\"_self\" target=\"_self\" >Feria del Olivo en Montoro<\/a><\/h4>\n<div class=\"pt-cv-content\">DUAL CONSULTORES GTU S.L. EN LA FERIA DEL OLIVO 2016 La segunda semana del mes de mayo, concretamente entre los ...<br \/><div class=\"pt-cv-rmwrap\"><a href=\"https:\/\/dualconsultores.es\/index.php\/2024\/06\/19\/feria-del-olivo-en-montoro\/\" class=\"_self pt-cv-readmore btn btn-success\" target=\"_self\">Leer M\u00e1s<\/a><\/div><\/div>\n<div class=\"pt-cv-meta-fields\"><span class=\"entry-date\"> <time datetime=\"2024-06-19T11:01:23+02:00\">19 de junio de 2024<\/time><\/span><\/div><\/div>\n<div class=\" pt-cv-content-item pt-cv-1-col\" ><div class=\"pt-cv-thumb-wrapper  \"><a href=\"https:\/\/dualconsultores.es\/index.php\/2024\/06\/19\/recomendacion-xsplatforms\/\" class=\"_self pt-cv-href-thumbnail pt-cv-thumb-default\" target=\"_self\" ><img decoding=\"async\" width=\"615\" height=\"324\" src=\"https:\/\/dualconsultores.es\/wp-content\/uploads\/2024\/06\/DC-y-XSP.jpg\" class=\"pt-cv-thumbnail\" alt=\"\" \/><\/a><\/div>\n<h4 class=\"pt-cv-title\"><a href=\"https:\/\/dualconsultores.es\/index.php\/2024\/06\/19\/recomendacion-xsplatforms\/\" class=\"_self\" target=\"_self\" >Recomendaci\u00f3n XSPlatforms<\/a><\/h4>\n<div class=\"pt-cv-content\">Recomendaci\u00f3n XSPlatform Carta de recomendaci\u00f3n de la multinacional holandesa, XSPLATFORMS SPAIN, S.L.U. especialista en Sistemas Antica\u00eddas hacia DUAL CONSULTORES GTU, ...<br \/><div class=\"pt-cv-rmwrap\"><a href=\"https:\/\/dualconsultores.es\/index.php\/2024\/06\/19\/recomendacion-xsplatforms\/\" class=\"_self pt-cv-readmore btn btn-success\" target=\"_self\">Leer M\u00e1s<\/a><\/div><\/div>\n<div class=\"pt-cv-meta-fields\"><span class=\"entry-date\"> <time datetime=\"2024-06-19T10:26:22+02:00\">19 de junio de 2024<\/time><\/span><\/div><\/div><\/div><\/div><\/div>\t\t\t<style type=\"text\/css\" id=\"pt-cv-inline-style-a172f05xfv\">\n#pt-cv-view-0e046c8sev .pt-cv-thumb-wrapper:not(.miniwrap) {  }#pt-cv-view-0e046c8sev .pt-cv-thumbnail:not(.pt-cv-thumbnailsm) { height: 300px; }#pt-cv-view-0e046c8sev > .pt-cv-page {grid-template-columns: repeat(2, 1fr);grid-gap: 60px;}\n@media all and (max-width: 1024px) { \n#pt-cv-view-0e046c8sev > .pt-cv-page {grid-template-columns: repeat(1, 1fr);}\n} \n@media all and (max-width: 767px) { \n#pt-cv-view-0e046c8sev > .pt-cv-page {grid-template-columns: repeat(1, 1fr);}\n} <\/style>\r\n\t\t\t<\/div>\n\t\t\t\t<\/div>\n\t\t\t\t<\/div>\n\t\t\t\t\t<\/div>\n\t\t\t\t<\/div>\n\t\t\t\t<\/div>\n\t\t","protected":false},"excerpt":{"rendered":"","protected":false},"author":2,"featured_media":0,"parent":0,"menu_order":0,"comment_status":"closed","ping_status":"closed","template":"elementor_theme","meta":{"footnotes":""},"_links":{"self":[{"href":"https:\/\/dualconsultores.es\/index.php\/wp-json\/wp\/v2\/pages\/164"}],"collection":[{"href":"https:\/\/dualconsultores.es\/index.php\/wp-json\/wp\/v2\/pages"}],"about":[{"href":"https:\/\/dualconsultores.es\/index.php\/wp-json\/wp\/v2\/types\/page"}],"author":[{"embeddable":true,"href":"https:\/\/dualconsultores.es\/index.php\/wp-json\/wp\/v2\/users\/2"}],"replies":[{"embeddable":true,"href":"https:\/\/dualconsultores.es\/index.php\/wp-json\/wp\/v2\/comments?post=164"}],"version-history":[{"count":32,"href":"https:\/\/dualconsultores.es\/index.php\/wp-json\/wp\/v2\/pages\/164\/revisions"}],"predecessor-version":[{"id":899,"href":"https:\/\/dualconsultores.es\/index.php\/wp-json\/wp\/v2\/pages\/164\/revisions\/899"}],"wp:attachment":[{"href":"https:\/\/dualconsultores.es\/index.php\/wp-json\/wp\/v2\/media?parent=164"}],"curies":[{"name":"wp","href":"https:\/\/api.w.org\/{rel}","templated":true}]}}