{"id":343,"date":"2024-06-20T11:19:30","date_gmt":"2024-06-20T09:19:30","guid":{"rendered":"http:\/\/192.168.1.165\/dual_wp\/?page_id=343"},"modified":"2024-10-02T16:12:41","modified_gmt":"2024-10-02T14:12:41","slug":"coordinacion-de-actividades-empresariales","status":"publish","type":"page","link":"https:\/\/dualconsultores.es\/index.php\/coordinacion-de-actividades-empresariales\/","title":{"rendered":"Coordinaci\u00f3n de actividades empresariales"},"content":{"rendered":"\t\t<div data-elementor-type=\"wp-page\" data-elementor-id=\"343\" class=\"elementor elementor-343\">\n\t\t\t\t<div class=\"elementor-element elementor-element-906bdc0 e-flex e-con-boxed e-con e-parent\" data-id=\"906bdc0\" data-element_type=\"container\">\n\t\t\t\t\t<div class=\"e-con-inner\">\n\t\t\t\t<div class=\"elementor-element elementor-element-2dce07e elementor-widget elementor-widget-heading\" data-id=\"2dce07e\" data-element_type=\"widget\" data-widget_type=\"heading.default\">\n\t\t\t\t<div class=\"elementor-widget-container\">\n\t\t\t<style>\/*! elementor - v3.22.0 - 17-06-2024 *\/\n.elementor-heading-title{padding:0;margin:0;line-height:1}.elementor-widget-heading .elementor-heading-title[class*=elementor-size-]>a{color:inherit;font-size:inherit;line-height:inherit}.elementor-widget-heading .elementor-heading-title.elementor-size-small{font-size:15px}.elementor-widget-heading .elementor-heading-title.elementor-size-medium{font-size:19px}.elementor-widget-heading .elementor-heading-title.elementor-size-large{font-size:29px}.elementor-widget-heading .elementor-heading-title.elementor-size-xl{font-size:39px}.elementor-widget-heading .elementor-heading-title.elementor-size-xxl{font-size:59px}<\/style><h4 class=\"elementor-heading-title elementor-size-default\">COORDINACI\u00d3N DE ACTIVIDADES EMPRESARIALES<\/h4>\t\t<\/div>\n\t\t\t\t<\/div>\n\t\t\t\t\t<\/div>\n\t\t\t\t<\/div>\n\t\t<div class=\"elementor-element elementor-element-b04749d e-flex e-con-boxed e-con e-parent\" data-id=\"b04749d\" data-element_type=\"container\">\n\t\t\t\t\t<div class=\"e-con-inner\">\n\t\t<div class=\"elementor-element elementor-element-d02f054 e-con-full e-flex e-con e-child\" data-id=\"d02f054\" data-element_type=\"container\">\n\t\t\t\t<div class=\"elementor-element elementor-element-23dc493 elementor-widget elementor-widget-text-editor\" data-id=\"23dc493\" data-element_type=\"widget\" data-widget_type=\"text-editor.default\">\n\t\t\t\t<div class=\"elementor-widget-container\">\n\t\t\t<style>\/*! elementor - v3.22.0 - 17-06-2024 *\/\n.elementor-widget-text-editor.elementor-drop-cap-view-stacked .elementor-drop-cap{background-color:#69727d;color:#fff}.elementor-widget-text-editor.elementor-drop-cap-view-framed .elementor-drop-cap{color:#69727d;border:3px solid;background-color:transparent}.elementor-widget-text-editor:not(.elementor-drop-cap-view-default) .elementor-drop-cap{margin-top:8px}.elementor-widget-text-editor:not(.elementor-drop-cap-view-default) .elementor-drop-cap-letter{width:1em;height:1em}.elementor-widget-text-editor .elementor-drop-cap{float:left;text-align:center;line-height:1;font-size:50px}.elementor-widget-text-editor .elementor-drop-cap-letter{display:inline-block}<\/style>\t\t\t\t<p><span style=\"color: #666666;\">El Real Decreto 171\/2004, en materia de coordinaci\u00f3n de actividades empresariales, establece las responsabilidades y actuaciones en materia de prevenci\u00f3n cuando en un lugar de trabajo coinciden dos o m\u00e1s empresas realizando sus actividades al mismo tiempo.<\/span><\/p><p><span style=\"color: #666666;\">La coordinaci\u00f3n de actividades empresariales pretende ser una v\u00eda de soluci\u00f3n a los problemas que surgen, en un escenario\u00a0empresarial cada vez m\u00e1s habitual en los \u00faltimos a\u00f1os, en el que se tiende cada vez m\u00e1s a la contrataci\u00f3n de obras y servicios. En estas situaciones, se da la circunstancia que coinciden trabajadores de varias empresas en un mismo centro de trabajo, donde cada empresa realiza sus trabajos con sus respectivos riesgos, los cuales pueden afectar a los trabajadores de las otras empresas existentes en el centro o incluso agravarse a consecuencia de las actividades realizadas por estas empresas.<\/span><\/p>\t\t\t\t\t\t<\/div>\n\t\t\t\t<\/div>\n\t\t\t\t<\/div>\n\t\t<div class=\"elementor-element elementor-element-19de39b e-con-full e-flex e-con e-child\" data-id=\"19de39b\" data-element_type=\"container\">\n\t\t\t\t<div class=\"elementor-element elementor-element-6e987b8 elementor-widget__width-inherit elementor-widget elementor-widget-image\" data-id=\"6e987b8\" data-element_type=\"widget\" data-widget_type=\"image.default\">\n\t\t\t\t<div class=\"elementor-widget-container\">\n\t\t\t<style>\/*! elementor - v3.22.0 - 17-06-2024 *\/\n.elementor-widget-image{text-align:center}.elementor-widget-image a{display:inline-block}.elementor-widget-image a img[src$=\".svg\"]{width:48px}.elementor-widget-image img{vertical-align:middle;display:inline-block}<\/style>\t\t\t\t\t\t\t\t\t\t<img decoding=\"async\" width=\"237\" height=\"158\" src=\"https:\/\/dualconsultores.es\/wp-content\/uploads\/2024\/06\/casco1.png\" class=\"attachment-full size-full wp-image-345\" alt=\"\" \/>\t\t\t\t\t\t\t\t\t\t\t\t\t<\/div>\n\t\t\t\t<\/div>\n\t\t\t\t<\/div>\n\t\t\t\t\t<\/div>\n\t\t\t\t<\/div>\n\t\t<div class=\"elementor-element elementor-element-85d2bb5 e-flex e-con-boxed e-con e-parent\" data-id=\"85d2bb5\" data-element_type=\"container\">\n\t\t\t\t\t<div class=\"e-con-inner\">\n\t\t<div class=\"elementor-element elementor-element-27888b3 e-con-full e-flex e-con e-child\" data-id=\"27888b3\" data-element_type=\"container\">\n\t\t\t\t<div class=\"elementor-element elementor-element-9c4d79b elementor-widget__width-inherit elementor-widget elementor-widget-image\" data-id=\"9c4d79b\" data-element_type=\"widget\" data-widget_type=\"image.default\">\n\t\t\t\t<div class=\"elementor-widget-container\">\n\t\t\t\t\t\t\t\t\t\t\t\t\t<img decoding=\"async\" width=\"194\" height=\"190\" src=\"https:\/\/dualconsultores.es\/wp-content\/uploads\/2024\/06\/casco2.png\" class=\"attachment-large size-large wp-image-346\" alt=\"\" \/>\t\t\t\t\t\t\t\t\t\t\t\t\t<\/div>\n\t\t\t\t<\/div>\n\t\t\t\t<\/div>\n\t\t<div class=\"elementor-element elementor-element-d9b75a3 e-con-full e-flex e-con e-child\" data-id=\"d9b75a3\" data-element_type=\"container\">\n\t\t\t\t<div class=\"elementor-element elementor-element-6335867 elementor-widget elementor-widget-text-editor\" data-id=\"6335867\" data-element_type=\"widget\" data-widget_type=\"text-editor.default\">\n\t\t\t\t<div class=\"elementor-widget-container\">\n\t\t\t\t\t\t\t<p><span style=\"color: #666666;\">Dual Consultores GTU S.L. dispone de T\u00e9cnicos cualificados y con experiencia suficiente para garantizar el cumplimiento de lo establecido por la Coordinaci\u00f3n de Actividades Empresariales, tanto en obras de construcci\u00f3n como en cualquier otra actividad que lo requiera: mantenimientos, reparaciones, instalaciones, etc.<\/span><\/p><p><span style=\"color: #666666;\">El m\u00e9todo de Dual Consultores se basa en la atenci\u00f3n humana, lo que dista mucho de las poco efectivas \u201cplataformas on line\u201d que suponen en muchos casos un problema m\u00e1s que una soluci\u00f3n. Nuestros T\u00e9cnicos se ocupan personalmente de la gesti\u00f3n documental, de modo que con mayor flexibilidad y \u201cagilidad\u201d consiguen que el tr\u00e1mite sea mucho m\u00e1s sencillo, r\u00e1pido y eficaz<\/span><\/p>\t\t\t\t\t\t<\/div>\n\t\t\t\t<\/div>\n\t\t\t\t<\/div>\n\t\t\t\t\t<\/div>\n\t\t\t\t<\/div>\n\t\t\t\t<\/div>\n\t\t","protected":false},"excerpt":{"rendered":"<p>COORDINACI\u00d3N DE ACTIVIDADES EMPRESARIALES El Real Decreto 171\/2004, en materia de coordinaci\u00f3n de actividades empresariales, establece las responsabilidades y actuaciones en materia de prevenci\u00f3n cuando en un lugar de trabajo coinciden dos o m\u00e1s empresas realizando sus actividades al mismo tiempo. La coordinaci\u00f3n de actividades empresariales pretende ser una v\u00eda de soluci\u00f3n a los problemas [&hellip;]<\/p>\n","protected":false},"author":2,"featured_media":0,"parent":0,"menu_order":0,"comment_status":"closed","ping_status":"closed","template":"elementor_theme","meta":{"footnotes":""},"_links":{"self":[{"href":"https:\/\/dualconsultores.es\/index.php\/wp-json\/wp\/v2\/pages\/343"}],"collection":[{"href":"https:\/\/dualconsultores.es\/index.php\/wp-json\/wp\/v2\/pages"}],"about":[{"href":"https:\/\/dualconsultores.es\/index.php\/wp-json\/wp\/v2\/types\/page"}],"author":[{"embeddable":true,"href":"https:\/\/dualconsultores.es\/index.php\/wp-json\/wp\/v2\/users\/2"}],"replies":[{"embeddable":true,"href":"https:\/\/dualconsultores.es\/index.php\/wp-json\/wp\/v2\/comments?post=343"}],"version-history":[{"count":29,"href":"https:\/\/dualconsultores.es\/index.php\/wp-json\/wp\/v2\/pages\/343\/revisions"}],"predecessor-version":[{"id":962,"href":"https:\/\/dualconsultores.es\/index.php\/wp-json\/wp\/v2\/pages\/343\/revisions\/962"}],"wp:attachment":[{"href":"https:\/\/dualconsultores.es\/index.php\/wp-json\/wp\/v2\/media?parent=343"}],"curies":[{"name":"wp","href":"https:\/\/api.w.org\/{rel}","templated":true}]}}