{"id":350,"date":"2024-06-20T11:36:31","date_gmt":"2024-06-20T09:36:31","guid":{"rendered":"http:\/\/192.168.1.165\/dual_wp\/?page_id=350"},"modified":"2024-10-03T09:29:09","modified_gmt":"2024-10-03T07:29:09","slug":"prevencion-de-riesgos-laborales","status":"publish","type":"page","link":"https:\/\/dualconsultores.es\/index.php\/prevencion-de-riesgos-laborales\/","title":{"rendered":"Prevenci\u00f3n de Riesgos Laborales"},"content":{"rendered":"\t\t<div data-elementor-type=\"wp-page\" data-elementor-id=\"350\" class=\"elementor elementor-350\">\n\t\t\t\t<div class=\"elementor-element elementor-element-4fd08a9 e-flex e-con-boxed e-con e-parent\" data-id=\"4fd08a9\" data-element_type=\"container\">\n\t\t\t\t\t<div class=\"e-con-inner\">\n\t\t\t\t<div class=\"elementor-element elementor-element-e09d88c elementor-widget elementor-widget-heading\" data-id=\"e09d88c\" data-element_type=\"widget\" data-widget_type=\"heading.default\">\n\t\t\t\t<div class=\"elementor-widget-container\">\n\t\t\t<style>\/*! elementor - v3.22.0 - 17-06-2024 *\/\n.elementor-heading-title{padding:0;margin:0;line-height:1}.elementor-widget-heading .elementor-heading-title[class*=elementor-size-]>a{color:inherit;font-size:inherit;line-height:inherit}.elementor-widget-heading .elementor-heading-title.elementor-size-small{font-size:15px}.elementor-widget-heading .elementor-heading-title.elementor-size-medium{font-size:19px}.elementor-widget-heading .elementor-heading-title.elementor-size-large{font-size:29px}.elementor-widget-heading .elementor-heading-title.elementor-size-xl{font-size:39px}.elementor-widget-heading .elementor-heading-title.elementor-size-xxl{font-size:59px}<\/style><h4 class=\"elementor-heading-title elementor-size-default\">PREVENCI\u00d3N DE RIESGOS LABORALES.<\/h4>\t\t<\/div>\n\t\t\t\t<\/div>\n\t\t\t\t<div class=\"elementor-element elementor-element-0817b0d elementor-widget elementor-widget-text-editor\" data-id=\"0817b0d\" data-element_type=\"widget\" data-widget_type=\"text-editor.default\">\n\t\t\t\t<div class=\"elementor-widget-container\">\n\t\t\t<style>\/*! elementor - v3.22.0 - 17-06-2024 *\/\n.elementor-widget-text-editor.elementor-drop-cap-view-stacked .elementor-drop-cap{background-color:#69727d;color:#fff}.elementor-widget-text-editor.elementor-drop-cap-view-framed .elementor-drop-cap{color:#69727d;border:3px solid;background-color:transparent}.elementor-widget-text-editor:not(.elementor-drop-cap-view-default) .elementor-drop-cap{margin-top:8px}.elementor-widget-text-editor:not(.elementor-drop-cap-view-default) .elementor-drop-cap-letter{width:1em;height:1em}.elementor-widget-text-editor .elementor-drop-cap{float:left;text-align:center;line-height:1;font-size:50px}.elementor-widget-text-editor .elementor-drop-cap-letter{display:inline-block}<\/style>\t\t\t\t<p><span style=\"color: #666666;\">Como es de p\u00fablico conocimiento, la Ley 31\/1995 de Prevenci\u00f3n de Riesgos Laborales exige que toda empresa disponga de un Plan de Prevenci\u00f3n que garantice la protecci\u00f3n de sus trabajadores respecto la actividad desarrollada.<\/span><\/p><p><span style=\"color: #666666;\">Para garantizar con todos los aspectos que esta Ley y otra normativa relacionada exigen, lo m\u00e1s eficaz es disponer de un Servicio de Prevenci\u00f3n Ajeno.<\/span><\/p><p><span style=\"color: #666666;\">En este aspecto, Dual Consultores colabora con varios SPA convenientemente acreditados, cada uno de ellos especializado para un tipo de empresa seg\u00fan su actividad y distribuci\u00f3n geogr\u00e1fica, con los que se podr\u00eda realizar el concierto oportuno.<\/span><\/p>\t\t\t\t\t\t<\/div>\n\t\t\t\t<\/div>\n\t\t\t\t\t<\/div>\n\t\t\t\t<\/div>\n\t\t<div class=\"elementor-element elementor-element-6955f80 e-flex e-con-boxed e-con e-parent\" data-id=\"6955f80\" data-element_type=\"container\" data-settings=\"{&quot;background_background&quot;:&quot;classic&quot;}\">\n\t\t\t\t\t<div class=\"e-con-inner\">\n\t\t<div class=\"elementor-element elementor-element-1b22269 e-con-full e-flex e-con e-child\" data-id=\"1b22269\" data-element_type=\"container\">\n\t\t\t\t<div class=\"elementor-element elementor-element-c9a0897 elementor-widget__width-inherit elementor-widget elementor-widget-image\" data-id=\"c9a0897\" data-element_type=\"widget\" data-widget_type=\"image.default\">\n\t\t\t\t<div class=\"elementor-widget-container\">\n\t\t\t<style>\/*! elementor - v3.22.0 - 17-06-2024 *\/\n.elementor-widget-image{text-align:center}.elementor-widget-image a{display:inline-block}.elementor-widget-image a img[src$=\".svg\"]{width:48px}.elementor-widget-image img{vertical-align:middle;display:inline-block}<\/style>\t\t\t\t\t\t\t\t\t\t<img decoding=\"async\" width=\"267\" height=\"134\" src=\"https:\/\/dualconsultores.es\/wp-content\/uploads\/2024\/06\/PRL1.png\" class=\"attachment-full size-full wp-image-352\" alt=\"\" \/>\t\t\t\t\t\t\t\t\t\t\t\t\t<\/div>\n\t\t\t\t<\/div>\n\t\t\t\t<\/div>\n\t\t<div class=\"elementor-element elementor-element-364cd9c e-con-full e-flex e-con e-child\" data-id=\"364cd9c\" data-element_type=\"container\">\n\t\t\t\t<div class=\"elementor-element elementor-element-b7dd949 elementor-widget elementor-widget-text-editor\" data-id=\"b7dd949\" data-element_type=\"widget\" data-widget_type=\"text-editor.default\">\n\t\t\t\t<div class=\"elementor-widget-container\">\n\t\t\t\t\t\t\t<p><span style=\"color: #666666;\">Dual Consultores vigilar\u00eda el buen desarrollo de las actividades preventivas por parte del SPA contratado, garantizando a la empresa que todos los aspectos preventivos estar\u00edan convenientemente realizados, evitando molestas \u201csorpresas\u201d en caso de cualquier tipo de inspecci\u00f3n o investigaci\u00f3n.<\/span><\/p><p><span style=\"color: #666666;\">El concierto con el SPA elegido contemplar\u00eda las siguientes especialidades:\u00a0<strong>Seguridad en el Trabajo, Higiene Industrial, Ergonom\u00eda y Psicosociolog\u00eda Aplicada, y Medicina del Trabajo<\/strong>.<\/span><\/p>\t\t\t\t\t\t<\/div>\n\t\t\t\t<\/div>\n\t\t\t\t<\/div>\n\t\t\t\t\t<\/div>\n\t\t\t\t<\/div>\n\t\t<div class=\"elementor-element elementor-element-fc417f0 e-con-full e-flex e-con e-parent\" data-id=\"fc417f0\" data-element_type=\"container\">\n\t\t\t\t<div class=\"elementor-element elementor-element-f3a451a elementor-widget elementor-widget-text-editor\" data-id=\"f3a451a\" data-element_type=\"widget\" data-widget_type=\"text-editor.default\">\n\t\t\t\t<div class=\"elementor-widget-container\">\n\t\t\t\t\t\t\t<p><span style=\"color: #666666;\">En base a las especialidades citadas, las actividades a llevar a cabo ser\u00edan las siguientes:<\/span><\/p>\t\t\t\t\t\t<\/div>\n\t\t\t\t<\/div>\n\t\t\t\t<div class=\"elementor-element elementor-element-2359d65 elementor-widget elementor-widget-text-editor\" data-id=\"2359d65\" data-element_type=\"widget\" data-widget_type=\"text-editor.default\">\n\t\t\t\t<div class=\"elementor-widget-container\">\n\t\t\t\t\t\t\t<ul><li><span style=\"color: #666666;\"><strong>Plan de prevenci\u00f3n:\u00a0<\/strong>Elaboraci\u00f3n o revisi\u00f3n del plan y programas de acci\u00f3n preventiva, con determinaci\u00f3n de la estructura organizativa, funciones, responsabilidades, procedimientos y recursos necesarios.<\/span><\/li><li><span style=\"color: #666666;\"><strong>Evaluaci\u00f3n de riesgos laborales:<\/strong>\u00a0Elaboraci\u00f3n o revisi\u00f3n del informe de evaluaci\u00f3n de riesgos laborales de los centros y puestos de trabajo de la empresa, con la descripci\u00f3n de las instalaciones y puestos de trabajo, identificaci\u00f3n y valoraci\u00f3n de riesgos y factores de riesgos, estudio y elaboraci\u00f3n de fichas de riesgos por puestos de trabajo, estudio de las condiciones materiales del centro de trabajo relacionadas con la seguridad de los trabajadores.<\/span><\/li><li><span style=\"color: #666666;\"><strong>Planificaci\u00f3n de la actividad preventiva:<\/strong>\u00a0Elaboraci\u00f3n de informe de propuesta y priorizaci\u00f3n de acciones preventivas o correctivas resultantes de la evaluaci\u00f3n de riesgos, y asesoramiento t\u00e9cnico para su adopci\u00f3n.<\/span><\/li><li><span style=\"color: #666666;\"><strong>Control de eficacia de las medidas preventivas:<\/strong>\u00a0Realizaci\u00f3n de control de eficacia de medidas preventivas adoptadas.<\/span><\/li><li><span style=\"color: #666666;\"><strong>Formaci\u00f3n e informaci\u00f3n de los trabajadores:<\/strong>\u00a0Formaci\u00f3n te\u00f3rico-pr\u00e1ctica y entrega a cada trabajador de ficha informativa de los riesgos derivados de su puesto de trabajo.<\/span><\/li><li><span style=\"color: #666666;\"><strong>Vigilancia de la salud:<\/strong>\u00a0Reconocimientos m\u00e9dicos a los trabajadores que presten su consentimiento (anal\u00edtica incluida) y entrega de certificados de aptitud m\u00e9dica.<\/span><\/li><li><span style=\"color: #666666;\"><strong>Otros servicios incluidos:<\/strong>\u00a0Emisi\u00f3n de informes de programaci\u00f3n y memoria anual de actividades preventivas llevadas a cabo por el servicio de prevenci\u00f3n.<\/span><\/li><\/ul>\t\t\t\t\t\t<\/div>\n\t\t\t\t<\/div>\n\t\t\t\t<\/div>\n\t\t\t\t<\/div>\n\t\t","protected":false},"excerpt":{"rendered":"<p>PREVENCI\u00d3N DE RIESGOS LABORALES. Como es de p\u00fablico conocimiento, la Ley 31\/1995 de Prevenci\u00f3n de Riesgos Laborales exige que toda empresa disponga de un Plan de Prevenci\u00f3n que garantice la protecci\u00f3n de sus trabajadores respecto la actividad desarrollada. Para garantizar con todos los aspectos que esta Ley y otra normativa relacionada exigen, lo m\u00e1s eficaz [&hellip;]<\/p>\n","protected":false},"author":2,"featured_media":0,"parent":0,"menu_order":0,"comment_status":"closed","ping_status":"closed","template":"elementor_theme","meta":{"footnotes":""},"_links":{"self":[{"href":"https:\/\/dualconsultores.es\/index.php\/wp-json\/wp\/v2\/pages\/350"}],"collection":[{"href":"https:\/\/dualconsultores.es\/index.php\/wp-json\/wp\/v2\/pages"}],"about":[{"href":"https:\/\/dualconsultores.es\/index.php\/wp-json\/wp\/v2\/types\/page"}],"author":[{"embeddable":true,"href":"https:\/\/dualconsultores.es\/index.php\/wp-json\/wp\/v2\/users\/2"}],"replies":[{"embeddable":true,"href":"https:\/\/dualconsultores.es\/index.php\/wp-json\/wp\/v2\/comments?post=350"}],"version-history":[{"count":32,"href":"https:\/\/dualconsultores.es\/index.php\/wp-json\/wp\/v2\/pages\/350\/revisions"}],"predecessor-version":[{"id":1021,"href":"https:\/\/dualconsultores.es\/index.php\/wp-json\/wp\/v2\/pages\/350\/revisions\/1021"}],"wp:attachment":[{"href":"https:\/\/dualconsultores.es\/index.php\/wp-json\/wp\/v2\/media?parent=350"}],"curies":[{"name":"wp","href":"https:\/\/api.w.org\/{rel}","templated":true}]}}