{"id":356,"date":"2024-06-20T12:15:32","date_gmt":"2024-06-20T10:15:32","guid":{"rendered":"http:\/\/192.168.1.165\/dual_wp\/?page_id=356"},"modified":"2024-10-02T16:18:02","modified_gmt":"2024-10-02T14:18:02","slug":"formacion","status":"publish","type":"page","link":"https:\/\/dualconsultores.es\/index.php\/formacion\/","title":{"rendered":"Formaci\u00f3n"},"content":{"rendered":"\t\t<div data-elementor-type=\"wp-page\" data-elementor-id=\"356\" class=\"elementor elementor-356\">\n\t\t\t\t<div class=\"elementor-element elementor-element-cf5789b e-flex e-con-boxed e-con e-parent\" data-id=\"cf5789b\" data-element_type=\"container\">\n\t\t\t\t\t<div class=\"e-con-inner\">\n\t\t\t\t<div class=\"elementor-element elementor-element-7a3110e elementor-widget elementor-widget-heading\" data-id=\"7a3110e\" data-element_type=\"widget\" data-widget_type=\"heading.default\">\n\t\t\t\t<div class=\"elementor-widget-container\">\n\t\t\t<style>\/*! elementor - v3.22.0 - 17-06-2024 *\/\n.elementor-heading-title{padding:0;margin:0;line-height:1}.elementor-widget-heading .elementor-heading-title[class*=elementor-size-]>a{color:inherit;font-size:inherit;line-height:inherit}.elementor-widget-heading .elementor-heading-title.elementor-size-small{font-size:15px}.elementor-widget-heading .elementor-heading-title.elementor-size-medium{font-size:19px}.elementor-widget-heading .elementor-heading-title.elementor-size-large{font-size:29px}.elementor-widget-heading .elementor-heading-title.elementor-size-xl{font-size:39px}.elementor-widget-heading .elementor-heading-title.elementor-size-xxl{font-size:59px}<\/style><h4 class=\"elementor-heading-title elementor-size-default\">FORMACI\u00d3N <\/h4>\t\t<\/div>\n\t\t\t\t<\/div>\n\t\t\t\t\t<\/div>\n\t\t\t\t<\/div>\n\t\t<div class=\"elementor-element elementor-element-e5cebab e-flex e-con-boxed e-con e-parent\" data-id=\"e5cebab\" data-element_type=\"container\">\n\t\t\t\t\t<div class=\"e-con-inner\">\n\t\t\t\t<div class=\"elementor-element elementor-element-57f0a1e elementor-widget elementor-widget-text-editor\" data-id=\"57f0a1e\" data-element_type=\"widget\" data-widget_type=\"text-editor.default\">\n\t\t\t\t<div class=\"elementor-widget-container\">\n\t\t\t<style>\/*! elementor - v3.22.0 - 17-06-2024 *\/\n.elementor-widget-text-editor.elementor-drop-cap-view-stacked .elementor-drop-cap{background-color:#69727d;color:#fff}.elementor-widget-text-editor.elementor-drop-cap-view-framed .elementor-drop-cap{color:#69727d;border:3px solid;background-color:transparent}.elementor-widget-text-editor:not(.elementor-drop-cap-view-default) .elementor-drop-cap{margin-top:8px}.elementor-widget-text-editor:not(.elementor-drop-cap-view-default) .elementor-drop-cap-letter{width:1em;height:1em}.elementor-widget-text-editor .elementor-drop-cap{float:left;text-align:center;line-height:1;font-size:50px}.elementor-widget-text-editor .elementor-drop-cap-letter{display:inline-block}<\/style>\t\t\t\t<p><span style=\"color: #666666;\">Es de com\u00fan opini\u00f3n la necesidad que tiene cualquier empresa en cuanto a la formaci\u00f3n de sus trabajadores para una mayor eficacia en sus actividades.<\/span><\/p><p><span style=\"color: #666666;\">Alguna formaci\u00f3n es obligatoria por normativa legal, bien general para todas las actividades (Prevenci\u00f3n de Riesgos Laborales), bien espec\u00edfica (operador de calderas, manipulaci\u00f3n de alimentos, etc).<\/span><\/p><p><span style=\"color: #666666;\">Es tal la importancia de la formaci\u00f3n en las empresas, que oficialmente se dispone de un cr\u00e9dito para la formaci\u00f3n de sus trabajadores mediante la aplicaci\u00f3n de las conocidas <strong>bonificaciones<\/strong> a la Seguridad Social.<\/span><\/p><p><span style=\"color: #666666;\">La formaci\u00f3n financiada a trav\u00e9s de estas ayudas \u2013 denominada formaci\u00f3n de demanda -abarca acciones formativas de las empresas y permisos individuales de formaci\u00f3n, y su objetivo es responder a las necesidades espec\u00edficas de formaci\u00f3n planteadas por las empresas y sus trabajadores.<\/span><\/p><p><span style=\"color: #666666;\">Dual Consultores dispone de T\u00e9cnicos y colaboradores cualificados y acreditados para impartir cualquier tipo de formaci\u00f3n, tanto en la modalidad libre como mediante las bonificaciones comentadas en los p\u00e1rrafos anteriores.<\/span><\/p><p><span style=\"color: #666666;\">La metodolog\u00eda es muy diferente seg\u00fan la naturaleza de las actividades formativas elegidas: desde la formaci\u00f3n \u201con line\u201d -m\u00e1s sencilla y barata, pero no apta para todo tipo de formaci\u00f3n- hasta la formaci\u00f3n impartida en instalaciones espec\u00edficas (por ejemplo, la parte pr\u00e1ctica de la formaci\u00f3n en trabajos verticales), pasando por la formaci\u00f3n presencial -tanto en centros ajenos al cliente, como en sus propias instalaciones- o incluso formaci\u00f3n en obra o instalaciones de un cliente de estas empresas.<\/span><\/p>\t\t\t\t\t\t<\/div>\n\t\t\t\t<\/div>\n\t\t\t\t\t<\/div>\n\t\t\t\t<\/div>\n\t\t\t\t<\/div>\n\t\t","protected":false},"excerpt":{"rendered":"<p>FORMACI\u00d3N Es de com\u00fan opini\u00f3n la necesidad que tiene cualquier empresa en cuanto a la formaci\u00f3n de sus trabajadores para una mayor eficacia en sus actividades. Alguna formaci\u00f3n es obligatoria por normativa legal, bien general para todas las actividades (Prevenci\u00f3n de Riesgos Laborales), bien espec\u00edfica (operador de calderas, manipulaci\u00f3n de alimentos, etc). Es tal la [&hellip;]<\/p>\n","protected":false},"author":2,"featured_media":0,"parent":0,"menu_order":0,"comment_status":"closed","ping_status":"closed","template":"elementor_theme","meta":{"footnotes":""},"_links":{"self":[{"href":"https:\/\/dualconsultores.es\/index.php\/wp-json\/wp\/v2\/pages\/356"}],"collection":[{"href":"https:\/\/dualconsultores.es\/index.php\/wp-json\/wp\/v2\/pages"}],"about":[{"href":"https:\/\/dualconsultores.es\/index.php\/wp-json\/wp\/v2\/types\/page"}],"author":[{"embeddable":true,"href":"https:\/\/dualconsultores.es\/index.php\/wp-json\/wp\/v2\/users\/2"}],"replies":[{"embeddable":true,"href":"https:\/\/dualconsultores.es\/index.php\/wp-json\/wp\/v2\/comments?post=356"}],"version-history":[{"count":21,"href":"https:\/\/dualconsultores.es\/index.php\/wp-json\/wp\/v2\/pages\/356\/revisions"}],"predecessor-version":[{"id":969,"href":"https:\/\/dualconsultores.es\/index.php\/wp-json\/wp\/v2\/pages\/356\/revisions\/969"}],"wp:attachment":[{"href":"https:\/\/dualconsultores.es\/index.php\/wp-json\/wp\/v2\/media?parent=356"}],"curies":[{"name":"wp","href":"https:\/\/api.w.org\/{rel}","templated":true}]}}