{"id":360,"date":"2024-06-20T12:24:09","date_gmt":"2024-06-20T10:24:09","guid":{"rendered":"http:\/\/192.168.1.165\/dual_wp\/?page_id=360"},"modified":"2024-10-03T09:36:47","modified_gmt":"2024-10-03T07:36:47","slug":"ingenieria-y-arquitectura","status":"publish","type":"page","link":"https:\/\/dualconsultores.es\/index.php\/ingenieria-y-arquitectura\/","title":{"rendered":"Ingenier\u00eda y arquitectura"},"content":{"rendered":"\t\t<div data-elementor-type=\"wp-page\" data-elementor-id=\"360\" class=\"elementor elementor-360\">\n\t\t\t\t<div class=\"elementor-element elementor-element-f1793a7 e-flex e-con-boxed e-con e-parent\" data-id=\"f1793a7\" data-element_type=\"container\">\n\t\t\t\t\t<div class=\"e-con-inner\">\n\t\t\t\t<div class=\"elementor-element elementor-element-b1ba65e elementor-widget elementor-widget-heading\" data-id=\"b1ba65e\" data-element_type=\"widget\" data-widget_type=\"heading.default\">\n\t\t\t\t<div class=\"elementor-widget-container\">\n\t\t\t<style>\/*! elementor - v3.22.0 - 17-06-2024 *\/\n.elementor-heading-title{padding:0;margin:0;line-height:1}.elementor-widget-heading .elementor-heading-title[class*=elementor-size-]>a{color:inherit;font-size:inherit;line-height:inherit}.elementor-widget-heading .elementor-heading-title.elementor-size-small{font-size:15px}.elementor-widget-heading .elementor-heading-title.elementor-size-medium{font-size:19px}.elementor-widget-heading .elementor-heading-title.elementor-size-large{font-size:29px}.elementor-widget-heading .elementor-heading-title.elementor-size-xl{font-size:39px}.elementor-widget-heading .elementor-heading-title.elementor-size-xxl{font-size:59px}<\/style><h4 class=\"elementor-heading-title elementor-size-default\">INGENIER\u00cdA Y ARQUITECTURA<\/h4>\t\t<\/div>\n\t\t\t\t<\/div>\n\t\t\t\t<div class=\"elementor-element elementor-element-e44e336 elementor-widget elementor-widget-text-editor\" data-id=\"e44e336\" data-element_type=\"widget\" data-widget_type=\"text-editor.default\">\n\t\t\t\t<div class=\"elementor-widget-container\">\n\t\t\t<style>\/*! elementor - v3.22.0 - 17-06-2024 *\/\n.elementor-widget-text-editor.elementor-drop-cap-view-stacked .elementor-drop-cap{background-color:#69727d;color:#fff}.elementor-widget-text-editor.elementor-drop-cap-view-framed .elementor-drop-cap{color:#69727d;border:3px solid;background-color:transparent}.elementor-widget-text-editor:not(.elementor-drop-cap-view-default) .elementor-drop-cap{margin-top:8px}.elementor-widget-text-editor:not(.elementor-drop-cap-view-default) .elementor-drop-cap-letter{width:1em;height:1em}.elementor-widget-text-editor .elementor-drop-cap{float:left;text-align:center;line-height:1;font-size:50px}.elementor-widget-text-editor .elementor-drop-cap-letter{display:inline-block}<\/style>\t\t\t\t<p><span style=\"color: #666666;\">Dual Consultores cuenta con T\u00e9cnicos competentes para realizar cualquier tipo de Proyecto o Informe de Ingenier\u00eda o Arquitectura, abarcando los siguientes campos:<\/span><\/p>\t\t\t\t\t\t<\/div>\n\t\t\t\t<\/div>\n\t\t\t\t\t<\/div>\n\t\t\t\t<\/div>\n\t\t<div class=\"elementor-element elementor-element-2cf00cb e-con-full e-flex e-con e-parent\" data-id=\"2cf00cb\" data-element_type=\"container\">\n\t\t<div class=\"elementor-element elementor-element-6ad004f e-grid e-con-full e-con e-child\" data-id=\"6ad004f\" data-element_type=\"container\">\n\t\t<div class=\"elementor-element elementor-element-b5d4a9f e-con-full e-flex e-con e-child\" data-id=\"b5d4a9f\" data-element_type=\"container\">\n\t\t\t\t<div class=\"elementor-element elementor-element-0bfd6aa elementor-widget elementor-widget-image\" data-id=\"0bfd6aa\" data-element_type=\"widget\" data-widget_type=\"image.default\">\n\t\t\t\t<div class=\"elementor-widget-container\">\n\t\t\t<style>\/*! elementor - v3.22.0 - 17-06-2024 *\/\n.elementor-widget-image{text-align:center}.elementor-widget-image a{display:inline-block}.elementor-widget-image a img[src$=\".svg\"]{width:48px}.elementor-widget-image img{vertical-align:middle;display:inline-block}<\/style>\t\t\t\t\t\t\t\t\t\t<img decoding=\"async\" width=\"218\" height=\"147\" src=\"https:\/\/dualconsultores.es\/wp-content\/uploads\/2024\/06\/estudios1.png\" class=\"attachment-large size-large wp-image-362\" alt=\"\" \/>\t\t\t\t\t\t\t\t\t\t\t\t\t<\/div>\n\t\t\t\t<\/div>\n\t\t\t\t<div class=\"elementor-element elementor-element-3fbc27e elementor-widget elementor-widget-text-editor\" data-id=\"3fbc27e\" data-element_type=\"widget\" data-widget_type=\"text-editor.default\">\n\t\t\t\t<div class=\"elementor-widget-container\">\n\t\t\t\t\t\t\t<p><span style=\"color: #666666;\"><strong>PROYECTOS<\/strong>, entre otros:<\/span><\/p><ul><li><span style=\"color: #666666;\">\u00a0Para las licencias de apertura de cualquier actividad, en local o nave.<\/span><\/li><li><span style=\"color: #666666;\">\u00a0Vivienda y residencial: edificios de viviendas u oficinas, viviendas unifamiliares, promociones residenciales, etc.<\/span><\/li><li><span style=\"color: #666666;\">\u00a0Comercial: tiendas, comercios, superficies, etc.<\/span><\/li><li><span style=\"color: #666666;\">\u00a0Industrial: factor\u00edas, naves para cualquier actividad, etc.<\/span><\/li><li><span style=\"color: #666666;\">\u00a0Industrias Agroalimentarias: industria de transformaci\u00f3n, almazaras, centrales hortofruct\u00edcolas, industria c\u00e1rnica, etc.<\/span><\/li><li><span style=\"color: #666666;\">\u00a0Proyectos lineales: v\u00edas de comunicaci\u00f3n, redes el\u00e9ctricas de alta y baja tensi\u00f3n, etc.<\/span><\/li><li><span style=\"color: #666666;\">\u00a0Urbanizaci\u00f3n y planificaci\u00f3n urbana.<\/span><\/li><li><span style=\"color: #666666;\">\u00a0Estructuras de almacenamiento y distribuci\u00f3n de agua: presas, balsas, riegos, conducciones, etc.<\/span><\/li><\/ul>\t\t\t\t\t\t<\/div>\n\t\t\t\t<\/div>\n\t\t\t\t<\/div>\n\t\t<div class=\"elementor-element elementor-element-9877a26 e-con-full e-flex e-con e-child\" data-id=\"9877a26\" data-element_type=\"container\">\n\t\t\t\t<div class=\"elementor-element elementor-element-72ca232 elementor-widget elementor-widget-image\" data-id=\"72ca232\" data-element_type=\"widget\" data-widget_type=\"image.default\">\n\t\t\t\t<div class=\"elementor-widget-container\">\n\t\t\t\t\t\t\t\t\t\t\t\t\t<img decoding=\"async\" width=\"218\" height=\"147\" src=\"https:\/\/dualconsultores.es\/wp-content\/uploads\/2024\/06\/estudios2.png\" class=\"attachment-large size-large wp-image-363\" alt=\"\" \/>\t\t\t\t\t\t\t\t\t\t\t\t\t<\/div>\n\t\t\t\t<\/div>\n\t\t\t\t<div class=\"elementor-element elementor-element-c078842 elementor-widget elementor-widget-text-editor\" data-id=\"c078842\" data-element_type=\"widget\" data-widget_type=\"text-editor.default\">\n\t\t\t\t<div class=\"elementor-widget-container\">\n\t\t\t\t\t\t\t<p><span style=\"color: #666666;\">\u00a0<strong>INFORMES T\u00c9CNICOS<\/strong>, entre otros:<\/span><\/p><ul><li><span style=\"color: #666666;\">\u00a0Estudios geot\u00e9cnicos.<\/span><\/li><li><span style=\"color: #666666;\">\u00a0C\u00e1lculos estructurales.<\/span><\/li><li><span style=\"color: #666666;\">\u00a0Dise\u00f1o de espacios y optimizaci\u00f3n del espacio y recursos.<\/span><\/li><li><span style=\"color: #666666;\">\u00a0Informes y documentos periciales para pleitos o reclamaciones.<\/span><\/li><li><span style=\"color: #666666;\">\u00a0Estudios ambientales de cualquier naturaleza y catalogaci\u00f3n.<\/span><\/li><li><span style=\"color: #666666;\">\u00a0Estudios de Seguridad y Salud.<\/span><\/li><li><span style=\"color: #666666;\">\u00a0Planes de Seguridad y Salud.<\/span><\/li><li><span style=\"color: #666666;\">\u00a0Direcci\u00f3n de obra y Coordinaci\u00f3n de Seguridad y Salud en la obra<\/span><\/li><\/ul>\t\t\t\t\t\t<\/div>\n\t\t\t\t<\/div>\n\t\t\t\t<\/div>\n\t\t\t\t<\/div>\n\t\t\t\t<\/div>\n\t\t\t\t<\/div>\n\t\t","protected":false},"excerpt":{"rendered":"<p>INGENIER\u00cdA Y ARQUITECTURA Dual Consultores cuenta con T\u00e9cnicos competentes para realizar cualquier tipo de Proyecto o Informe de Ingenier\u00eda o Arquitectura, abarcando los siguientes campos: PROYECTOS, entre otros: \u00a0Para las licencias de apertura de cualquier actividad, en local o nave. \u00a0Vivienda y residencial: edificios de viviendas u oficinas, viviendas unifamiliares, promociones residenciales, etc. \u00a0Comercial: tiendas, [&hellip;]<\/p>\n","protected":false},"author":2,"featured_media":0,"parent":0,"menu_order":0,"comment_status":"closed","ping_status":"closed","template":"elementor_theme","meta":{"footnotes":""},"_links":{"self":[{"href":"https:\/\/dualconsultores.es\/index.php\/wp-json\/wp\/v2\/pages\/360"}],"collection":[{"href":"https:\/\/dualconsultores.es\/index.php\/wp-json\/wp\/v2\/pages"}],"about":[{"href":"https:\/\/dualconsultores.es\/index.php\/wp-json\/wp\/v2\/types\/page"}],"author":[{"embeddable":true,"href":"https:\/\/dualconsultores.es\/index.php\/wp-json\/wp\/v2\/users\/2"}],"replies":[{"embeddable":true,"href":"https:\/\/dualconsultores.es\/index.php\/wp-json\/wp\/v2\/comments?post=360"}],"version-history":[{"count":26,"href":"https:\/\/dualconsultores.es\/index.php\/wp-json\/wp\/v2\/pages\/360\/revisions"}],"predecessor-version":[{"id":1025,"href":"https:\/\/dualconsultores.es\/index.php\/wp-json\/wp\/v2\/pages\/360\/revisions\/1025"}],"wp:attachment":[{"href":"https:\/\/dualconsultores.es\/index.php\/wp-json\/wp\/v2\/media?parent=360"}],"curies":[{"name":"wp","href":"https:\/\/api.w.org\/{rel}","templated":true}]}}