{"id":370,"date":"2024-06-20T12:47:01","date_gmt":"2024-06-20T10:47:01","guid":{"rendered":"http:\/\/192.168.1.165\/dual_wp\/?page_id=370"},"modified":"2025-07-02T11:30:49","modified_gmt":"2025-07-02T09:30:49","slug":"gestion-ambiental","status":"publish","type":"page","link":"https:\/\/dualconsultores.es\/index.php\/gestion-ambiental\/","title":{"rendered":"Gesti\u00f3n ambiental"},"content":{"rendered":"\t\t<div data-elementor-type=\"wp-page\" data-elementor-id=\"370\" class=\"elementor elementor-370\">\n\t\t\t\t<div class=\"elementor-element elementor-element-8f0b761 e-flex e-con-boxed e-con e-parent\" data-id=\"8f0b761\" data-element_type=\"container\">\n\t\t\t\t\t<div class=\"e-con-inner\">\n\t\t\t\t<div class=\"elementor-element elementor-element-e5a9130 elementor-widget elementor-widget-heading\" data-id=\"e5a9130\" data-element_type=\"widget\" data-widget_type=\"heading.default\">\n\t\t\t\t<div class=\"elementor-widget-container\">\n\t\t\t<style>\/*! elementor - v3.22.0 - 17-06-2024 *\/\n.elementor-heading-title{padding:0;margin:0;line-height:1}.elementor-widget-heading .elementor-heading-title[class*=elementor-size-]>a{color:inherit;font-size:inherit;line-height:inherit}.elementor-widget-heading .elementor-heading-title.elementor-size-small{font-size:15px}.elementor-widget-heading .elementor-heading-title.elementor-size-medium{font-size:19px}.elementor-widget-heading .elementor-heading-title.elementor-size-large{font-size:29px}.elementor-widget-heading .elementor-heading-title.elementor-size-xl{font-size:39px}.elementor-widget-heading .elementor-heading-title.elementor-size-xxl{font-size:59px}<\/style><h4 class=\"elementor-heading-title elementor-size-default\">GESTI\u00d3N AMBIENTAL<\/h4>\t\t<\/div>\n\t\t\t\t<\/div>\n\t\t\t\t\t<\/div>\n\t\t\t\t<\/div>\n\t\t<div class=\"elementor-element elementor-element-af4b99d e-con-full e-flex e-con e-parent\" data-id=\"af4b99d\" data-element_type=\"container\">\n\t\t\t\t<div class=\"elementor-element elementor-element-a023865 elementor-widget elementor-widget-text-editor\" data-id=\"a023865\" data-element_type=\"widget\" data-widget_type=\"text-editor.default\">\n\t\t\t\t<div class=\"elementor-widget-container\">\n\t\t\t<style>\/*! elementor - v3.22.0 - 17-06-2024 *\/\n.elementor-widget-text-editor.elementor-drop-cap-view-stacked .elementor-drop-cap{background-color:#69727d;color:#fff}.elementor-widget-text-editor.elementor-drop-cap-view-framed .elementor-drop-cap{color:#69727d;border:3px solid;background-color:transparent}.elementor-widget-text-editor:not(.elementor-drop-cap-view-default) .elementor-drop-cap{margin-top:8px}.elementor-widget-text-editor:not(.elementor-drop-cap-view-default) .elementor-drop-cap-letter{width:1em;height:1em}.elementor-widget-text-editor .elementor-drop-cap{float:left;text-align:center;line-height:1;font-size:50px}.elementor-widget-text-editor .elementor-drop-cap-letter{display:inline-block}<\/style>\t\t\t\t<p><span style=\"color: #666666;\">La legislaci\u00f3n europea, nacional y auton\u00f3mica es muy profusa en normativas, leyes y decretos relacionados con cada uno de los aspectos ambientales que pudieran afectar a cada empresa.<\/span><\/p><p><span style=\"color: #666666;\">Dual Consultores oferta el servicio de \u201cGesti\u00f3n Ambiental\u201d, sabedor de lo dif\u00edcil y engorroso de cumplir con todos los requisitos ambientales exigibles por ley, y que pudieran suponer una \u201csorpresa desagradable\u201d en caso de inspecci\u00f3n o sanci\u00f3n.<\/span><\/p><p><span style=\"color: #666666;\">De ese modo, se ofrece la planificaci\u00f3n t\u00e9cnica de la gesti\u00f3n ambiental, de modo que se estudie, analice y determine la necesidad de cada empresa en este aspecto, incluyendo:<\/span><\/p><p><span style=\"color: #666666;\">Diagn\u00f3stico previo de la situaci\u00f3n ambiental de la empresa.<\/span><\/p><p><span style=\"color: #666666;\"><img decoding=\"async\" class=\"alignnone wp-image-208\" src=\"\/wp-content\/uploads\/2024\/06\/thumnaildc.png\" alt=\"thumnaildc\" width=\"35\" height=\"35\" \/>Estudio y an\u00e1lisis de la legislaci\u00f3n aplicable.<\/span><\/p><p><span style=\"color: #666666;\"><img decoding=\"async\" class=\"alignnone wp-image-208\" src=\"\/wp-content\/uploads\/2024\/06\/thumnaildc.png\" alt=\"thumnaildc\" width=\"35\" height=\"35\" \/>\u00a0Identificaci\u00f3n de las carencias u obligaciones ambientales de la empresa.<\/span><\/p><p><span style=\"color: #666666;\"><img decoding=\"async\" class=\"alignnone wp-image-208\" src=\"\/wp-content\/uploads\/2024\/06\/thumnaildc.png\" alt=\"thumnaildc\" width=\"35\" height=\"35\" \/>\u00a0Determinaci\u00f3n de las medidas preventivas, y gesti\u00f3n, si as\u00ed fuera necesario, de su consecuci\u00f3n.<\/span><\/p><p><span style=\"color: #666666;\"><img decoding=\"async\" class=\"alignnone wp-image-208\" src=\"\/wp-content\/uploads\/2024\/06\/thumnaildc.png\" alt=\"thumnaildc\" width=\"35\" height=\"35\" \/>\u00a0Seguimiento de todas las obligaciones ambientales de la empresa, entre otros:<\/span><\/p>\t\t\t\t\t\t<\/div>\n\t\t\t\t<\/div>\n\t\t\t\t<div class=\"elementor-element elementor-element-948037e elementor-widget elementor-widget-text-editor\" data-id=\"948037e\" data-element_type=\"widget\" data-widget_type=\"text-editor.default\">\n\t\t\t\t<div class=\"elementor-widget-container\">\n\t\t\t\t\t\t\t<p><span style=\"color: #666666;\"><img decoding=\"async\" class=\"alignnone wp-image-208\" src=\"\/wp-content\/uploads\/2024\/06\/thumnaildc.png\" alt=\"thumnaildc\" width=\"35\" height=\"35\" \/>\u00a0Declaraciones anuales<\/span><\/p><p><span style=\"color: #666666;\"><img decoding=\"async\" class=\"alignnone wp-image-208\" src=\"\/wp-content\/uploads\/2024\/06\/thumnaildc.png\" alt=\"thumnaildc\" width=\"35\" height=\"35\" \/>\u00a0Inscripci\u00f3n en registros<\/span><\/p><p><span style=\"color: #666666;\"><img decoding=\"async\" class=\"alignnone wp-image-208\" src=\"\/wp-content\/uploads\/2024\/06\/thumnaildc.png\" alt=\"thumnaildc\" width=\"35\" height=\"35\" \/>Inspecciones reglamentarias<\/span><\/p><p><span style=\"color: #666666;\"><img decoding=\"async\" class=\"alignnone wp-image-208\" src=\"\/wp-content\/uploads\/2024\/06\/thumnaildc.png\" alt=\"thumnaildc\" width=\"35\" height=\"35\" \/>Segregaci\u00f3n, etiquetado y gesti\u00f3n de residuos<\/span><\/p><p><span style=\"color: #666666;\"><img decoding=\"async\" class=\"alignnone wp-image-208\" src=\"\/wp-content\/uploads\/2024\/06\/thumnaildc.png\" alt=\"thumnaildc\" width=\"35\" height=\"35\" \/>Mediciones (consumos, emisiones, etc).<\/span><\/p><p><span style=\"color: #666666;\"><img decoding=\"async\" class=\"alignnone wp-image-208\" src=\"\/wp-content\/uploads\/2024\/06\/thumnaildc.png\" alt=\"thumnaildc\" width=\"35\" height=\"35\" \/>An\u00e1lisis (vertidos, caracterizaci\u00f3n de residuos, etc).<\/span><\/p><p><span style=\"color: #666666;\"><img decoding=\"async\" class=\"alignnone wp-image-208\" src=\"\/wp-content\/uploads\/2024\/06\/thumnaildc.png\" alt=\"thumnaildc\" width=\"35\" height=\"35\" \/>Presencia en cualquier inspecci\u00f3n que sufriera la empresa y determinaci\u00f3n de las medidas correctivas oportunas.<\/span><\/p><p><span style=\"color: #666666;\"><img decoding=\"async\" class=\"alignnone wp-image-208\" src=\"\/wp-content\/uploads\/2024\/06\/thumnaildc.png\" alt=\"thumnaildc\" width=\"35\" height=\"35\" \/>Formaci\u00f3n adecuada al personal de la empresa.<\/span><\/p>\t\t\t\t\t\t<\/div>\n\t\t\t\t<\/div>\n\t\t\t\t<div class=\"elementor-element elementor-element-5fa20a8 elementor-widget elementor-widget-text-editor\" data-id=\"5fa20a8\" data-element_type=\"widget\" data-widget_type=\"text-editor.default\">\n\t\t\t\t<div class=\"elementor-widget-container\">\n\t\t\t\t\t\t\t<p><span style=\"color: #666666;\">Esta Gesti\u00f3n Ambiental podr\u00eda encuadrarse en un Sistema Normalizado con la correspondiente certificaci\u00f3n, como por ejemplo la conocida\u00a0<\/span><a href=\"http:\/\/www.dualconsultores.es\/sistemas-normalizados\/\"><span style=\"color: #666666;\">UNE EN ISO 14001:2015.<\/span><\/a><\/p>\t\t\t\t\t\t<\/div>\n\t\t\t\t<\/div>\n\t\t\t\t<\/div>\n\t\t\t\t<\/div>\n\t\t","protected":false},"excerpt":{"rendered":"<p>GESTI\u00d3N AMBIENTAL La legislaci\u00f3n europea, nacional y auton\u00f3mica es muy profusa en normativas, leyes y decretos relacionados con cada uno de los aspectos ambientales que pudieran afectar a cada empresa. Dual Consultores oferta el servicio de \u201cGesti\u00f3n Ambiental\u201d, sabedor de lo dif\u00edcil y engorroso de cumplir con todos los requisitos ambientales exigibles por ley, y [&hellip;]<\/p>\n","protected":false},"author":2,"featured_media":0,"parent":0,"menu_order":0,"comment_status":"closed","ping_status":"closed","template":"elementor_theme","meta":{"footnotes":""},"_links":{"self":[{"href":"https:\/\/dualconsultores.es\/index.php\/wp-json\/wp\/v2\/pages\/370"}],"collection":[{"href":"https:\/\/dualconsultores.es\/index.php\/wp-json\/wp\/v2\/pages"}],"about":[{"href":"https:\/\/dualconsultores.es\/index.php\/wp-json\/wp\/v2\/types\/page"}],"author":[{"embeddable":true,"href":"https:\/\/dualconsultores.es\/index.php\/wp-json\/wp\/v2\/users\/2"}],"replies":[{"embeddable":true,"href":"https:\/\/dualconsultores.es\/index.php\/wp-json\/wp\/v2\/comments?post=370"}],"version-history":[{"count":40,"href":"https:\/\/dualconsultores.es\/index.php\/wp-json\/wp\/v2\/pages\/370\/revisions"}],"predecessor-version":[{"id":1275,"href":"https:\/\/dualconsultores.es\/index.php\/wp-json\/wp\/v2\/pages\/370\/revisions\/1275"}],"wp:attachment":[{"href":"https:\/\/dualconsultores.es\/index.php\/wp-json\/wp\/v2\/media?parent=370"}],"curies":[{"name":"wp","href":"https:\/\/api.w.org\/{rel}","templated":true}]}}