{"id":375,"date":"2024-06-20T12:57:14","date_gmt":"2024-06-20T10:57:14","guid":{"rendered":"http:\/\/192.168.1.165\/dual_wp\/?page_id=375"},"modified":"2024-10-03T09:51:50","modified_gmt":"2024-10-03T07:51:50","slug":"seguros-y-polizas","status":"publish","type":"page","link":"https:\/\/dualconsultores.es\/index.php\/seguros-y-polizas\/","title":{"rendered":"Seguros y p\u00f3lizas"},"content":{"rendered":"\t\t<div data-elementor-type=\"wp-page\" data-elementor-id=\"375\" class=\"elementor elementor-375\">\n\t\t\t\t<div class=\"elementor-element elementor-element-fe359d3 e-flex e-con-boxed e-con e-parent\" data-id=\"fe359d3\" data-element_type=\"container\">\n\t\t\t\t\t<div class=\"e-con-inner\">\n\t\t\t\t<div class=\"elementor-element elementor-element-82dff01 elementor-widget elementor-widget-heading\" data-id=\"82dff01\" data-element_type=\"widget\" data-widget_type=\"heading.default\">\n\t\t\t\t<div class=\"elementor-widget-container\">\n\t\t\t<style>\/*! elementor - v3.22.0 - 17-06-2024 *\/\n.elementor-heading-title{padding:0;margin:0;line-height:1}.elementor-widget-heading .elementor-heading-title[class*=elementor-size-]>a{color:inherit;font-size:inherit;line-height:inherit}.elementor-widget-heading .elementor-heading-title.elementor-size-small{font-size:15px}.elementor-widget-heading .elementor-heading-title.elementor-size-medium{font-size:19px}.elementor-widget-heading .elementor-heading-title.elementor-size-large{font-size:29px}.elementor-widget-heading .elementor-heading-title.elementor-size-xl{font-size:39px}.elementor-widget-heading .elementor-heading-title.elementor-size-xxl{font-size:59px}<\/style><h4 class=\"elementor-heading-title elementor-size-default\">SEGUROS Y P\u00d3LIZAS DE CUALQUIER TIPO<\/h4>\t\t<\/div>\n\t\t\t\t<\/div>\n\t\t<div class=\"elementor-element elementor-element-f416c6e e-con-full e-flex e-con e-child\" data-id=\"f416c6e\" data-element_type=\"container\">\n\t\t<div class=\"elementor-element elementor-element-906898f e-flex e-con-boxed e-con e-child\" data-id=\"906898f\" data-element_type=\"container\">\n\t\t\t\t\t<div class=\"e-con-inner\">\n\t\t\t\t<div class=\"elementor-element elementor-element-6251208 elementor-widget elementor-widget-image\" data-id=\"6251208\" data-element_type=\"widget\" data-widget_type=\"image.default\">\n\t\t\t\t<div class=\"elementor-widget-container\">\n\t\t\t<style>\/*! elementor - v3.22.0 - 17-06-2024 *\/\n.elementor-widget-image{text-align:center}.elementor-widget-image a{display:inline-block}.elementor-widget-image a img[src$=\".svg\"]{width:48px}.elementor-widget-image img{vertical-align:middle;display:inline-block}<\/style>\t\t\t\t\t\t\t\t\t\t<img decoding=\"async\" width=\"153\" height=\"134\" src=\"https:\/\/dualconsultores.es\/wp-content\/uploads\/2024\/06\/SEGUROS1.png\" class=\"attachment-large size-large wp-image-97\" alt=\"\" \/>\t\t\t\t\t\t\t\t\t\t\t\t\t<\/div>\n\t\t\t\t<\/div>\n\t\t\t\t\t<\/div>\n\t\t\t\t<\/div>\n\t\t\t\t<div class=\"elementor-element elementor-element-90b324b elementor-widget elementor-widget-text-editor\" data-id=\"90b324b\" data-element_type=\"widget\" data-widget_type=\"text-editor.default\">\n\t\t\t\t<div class=\"elementor-widget-container\">\n\t\t\t<style>\/*! elementor - v3.22.0 - 17-06-2024 *\/\n.elementor-widget-text-editor.elementor-drop-cap-view-stacked .elementor-drop-cap{background-color:#69727d;color:#fff}.elementor-widget-text-editor.elementor-drop-cap-view-framed .elementor-drop-cap{color:#69727d;border:3px solid;background-color:transparent}.elementor-widget-text-editor:not(.elementor-drop-cap-view-default) .elementor-drop-cap{margin-top:8px}.elementor-widget-text-editor:not(.elementor-drop-cap-view-default) .elementor-drop-cap-letter{width:1em;height:1em}.elementor-widget-text-editor .elementor-drop-cap{float:left;text-align:center;line-height:1;font-size:50px}.elementor-widget-text-editor .elementor-drop-cap-letter{display:inline-block}<\/style>\t\t\t\t<p align=\"justify\"><span style=\"color: #666666;\">Hoy en d\u00eda es impensable una empresa que no disponga de p\u00f3lizas que aseguren su actividad, instalaciones o personal.<\/span><\/p><p align=\"justify\"><span style=\"color: #666666;\">Algunos seguros son de obligado cumplimiento por normativa legal (Responsabilidad Civil o flota de veh\u00edculos) y otras son de \u00a0aconsejada aplicaci\u00f3n (entre otros, los cultivos, la producci\u00f3n o la integridad del personal e instalaciones y edificios industriales, incluso para domicilios, veh\u00edculos o mascotas de car\u00e1cter individual o personal).<\/span><\/p><p align=\"justify\"><span style=\"color: #666666;\">En Dual Consultores disponemos de un Servicio de Seguros que trabaja con entidades del mayor prestigio y capacidad internacional, especializado en encontrar p\u00f3lizas con una relaci\u00f3n \u201cprecio-coberturas\u201d inmejorable en este mercado.<\/span><\/p><p align=\"justify\"><span style=\"color: #666666;\">As\u00ed mismo, como para el resto de servicios ofertados por Dual Consultores, dentro del concepto \u201cinterlocutor \u00fanico\u201d, se garantiza por parte de nuestros t\u00e9cnicos un seguimiento de las p\u00f3lizas contratadas, de modo que se gestionar\u00eda cualquier cuesti\u00f3n o actuaci\u00f3n relacionadas con ellas.<\/span><\/p>\t\t\t\t\t\t<\/div>\n\t\t\t\t<\/div>\n\t\t\t\t<\/div>\n\t\t\t\t\t<\/div>\n\t\t\t\t<\/div>\n\t\t\t\t<\/div>\n\t\t","protected":false},"excerpt":{"rendered":"<p>SEGUROS Y P\u00d3LIZAS DE CUALQUIER TIPO Hoy en d\u00eda es impensable una empresa que no disponga de p\u00f3lizas que aseguren su actividad, instalaciones o personal. Algunos seguros son de obligado cumplimiento por normativa legal (Responsabilidad Civil o flota de veh\u00edculos) y otras son de \u00a0aconsejada aplicaci\u00f3n (entre otros, los cultivos, la producci\u00f3n o la integridad [&hellip;]<\/p>\n","protected":false},"author":2,"featured_media":0,"parent":0,"menu_order":0,"comment_status":"closed","ping_status":"closed","template":"elementor_theme","meta":{"footnotes":""},"_links":{"self":[{"href":"https:\/\/dualconsultores.es\/index.php\/wp-json\/wp\/v2\/pages\/375"}],"collection":[{"href":"https:\/\/dualconsultores.es\/index.php\/wp-json\/wp\/v2\/pages"}],"about":[{"href":"https:\/\/dualconsultores.es\/index.php\/wp-json\/wp\/v2\/types\/page"}],"author":[{"embeddable":true,"href":"https:\/\/dualconsultores.es\/index.php\/wp-json\/wp\/v2\/users\/2"}],"replies":[{"embeddable":true,"href":"https:\/\/dualconsultores.es\/index.php\/wp-json\/wp\/v2\/comments?post=375"}],"version-history":[{"count":19,"href":"https:\/\/dualconsultores.es\/index.php\/wp-json\/wp\/v2\/pages\/375\/revisions"}],"predecessor-version":[{"id":1029,"href":"https:\/\/dualconsultores.es\/index.php\/wp-json\/wp\/v2\/pages\/375\/revisions\/1029"}],"wp:attachment":[{"href":"https:\/\/dualconsultores.es\/index.php\/wp-json\/wp\/v2\/media?parent=375"}],"curies":[{"name":"wp","href":"https:\/\/api.w.org\/{rel}","templated":true}]}}