{"id":380,"date":"2024-06-20T12:59:59","date_gmt":"2024-06-20T10:59:59","guid":{"rendered":"http:\/\/192.168.1.165\/dual_wp\/?page_id=380"},"modified":"2024-10-03T10:04:59","modified_gmt":"2024-10-03T08:04:59","slug":"higiene-alimentaria","status":"publish","type":"page","link":"https:\/\/dualconsultores.es\/index.php\/higiene-alimentaria\/","title":{"rendered":"Higiene Alimentaria"},"content":{"rendered":"\t\t<div data-elementor-type=\"wp-page\" data-elementor-id=\"380\" class=\"elementor elementor-380\">\n\t\t\t\t<div class=\"elementor-element elementor-element-a95f97b e-flex e-con-boxed e-con e-parent\" data-id=\"a95f97b\" data-element_type=\"container\">\n\t\t\t\t\t<div class=\"e-con-inner\">\n\t\t\t\t<div class=\"elementor-element elementor-element-6045998 elementor-widget elementor-widget-heading\" data-id=\"6045998\" data-element_type=\"widget\" data-widget_type=\"heading.default\">\n\t\t\t\t<div class=\"elementor-widget-container\">\n\t\t\t<style>\/*! elementor - v3.22.0 - 17-06-2024 *\/\n.elementor-heading-title{padding:0;margin:0;line-height:1}.elementor-widget-heading .elementor-heading-title[class*=elementor-size-]>a{color:inherit;font-size:inherit;line-height:inherit}.elementor-widget-heading .elementor-heading-title.elementor-size-small{font-size:15px}.elementor-widget-heading .elementor-heading-title.elementor-size-medium{font-size:19px}.elementor-widget-heading .elementor-heading-title.elementor-size-large{font-size:29px}.elementor-widget-heading .elementor-heading-title.elementor-size-xl{font-size:39px}.elementor-widget-heading .elementor-heading-title.elementor-size-xxl{font-size:59px}<\/style><h4 class=\"elementor-heading-title elementor-size-default\">HIGIENE ALIMENTARIA<\/h4>\t\t<\/div>\n\t\t\t\t<\/div>\n\t\t\t\t<div class=\"elementor-element elementor-element-5d76f2a elementor-widget elementor-widget-text-editor\" data-id=\"5d76f2a\" data-element_type=\"widget\" data-widget_type=\"text-editor.default\">\n\t\t\t\t<div class=\"elementor-widget-container\">\n\t\t\t<style>\/*! elementor - v3.22.0 - 17-06-2024 *\/\n.elementor-widget-text-editor.elementor-drop-cap-view-stacked .elementor-drop-cap{background-color:#69727d;color:#fff}.elementor-widget-text-editor.elementor-drop-cap-view-framed .elementor-drop-cap{color:#69727d;border:3px solid;background-color:transparent}.elementor-widget-text-editor:not(.elementor-drop-cap-view-default) .elementor-drop-cap{margin-top:8px}.elementor-widget-text-editor:not(.elementor-drop-cap-view-default) .elementor-drop-cap-letter{width:1em;height:1em}.elementor-widget-text-editor .elementor-drop-cap{float:left;text-align:center;line-height:1;font-size:50px}.elementor-widget-text-editor .elementor-drop-cap-letter{display:inline-block}<\/style>\t\t\t\t<p><span style=\"color: #666666;\">La normativa, tanto europea, como estatal o auton\u00f3mica, exigen que cada empresa del sector alimentario garanticen las condiciones higi\u00e9nico-sanitarias de sus productos.<\/span><\/p><p><span style=\"color: #666666;\">Por tal motivo existen numerosas exigencias legales, entre las que se encuentran, con principal protagonismo<\/span><br \/><span style=\"color: #666666;\">e importancia, los denominados Planes de Autocontrol, es decir, los Planes Generales de Higiene (PGH) y el An\u00e1lisis de Peligros y Puntos Cr\u00edticos de Control (APPCC).<\/span><\/p><p><span style=\"color: #666666;\">Dual Consultores cuenta con T\u00e9cnicos cualificados y con experiencia en la redacci\u00f3n, implantaci\u00f3n y seguimiento de los\u00a0<strong>Planes de Autocontrol (Planes de Higiene y APPCC)<\/strong>, que contemplar\u00eda las siguientes actividades:<\/span><\/p>\t\t\t\t\t\t<\/div>\n\t\t\t\t<\/div>\n\t\t<div class=\"elementor-element elementor-element-e63acc2 e-con-full e-flex e-con e-child\" data-id=\"e63acc2\" data-element_type=\"container\">\n\t\t<div class=\"elementor-element elementor-element-3c55408 e-con-full e-flex e-con e-child\" data-id=\"3c55408\" data-element_type=\"container\">\n\t\t<div class=\"elementor-element elementor-element-a39e85c e-con-full e-flex e-con e-child\" data-id=\"a39e85c\" data-element_type=\"container\">\n\t\t\t\t<div class=\"elementor-element elementor-element-2a64c66 elementor-widget elementor-widget-image\" data-id=\"2a64c66\" data-element_type=\"widget\" data-widget_type=\"image.default\">\n\t\t\t\t<div class=\"elementor-widget-container\">\n\t\t\t<style>\/*! elementor - v3.22.0 - 17-06-2024 *\/\n.elementor-widget-image{text-align:center}.elementor-widget-image a{display:inline-block}.elementor-widget-image a img[src$=\".svg\"]{width:48px}.elementor-widget-image img{vertical-align:middle;display:inline-block}<\/style>\t\t\t\t\t\t\t\t\t\t<img decoding=\"async\" width=\"100\" height=\"100\" src=\"https:\/\/dualconsultores.es\/wp-content\/uploads\/2024\/06\/thumnaildc.png\" class=\"attachment-medium_large size-medium_large wp-image-322\" alt=\"\" \/>\t\t\t\t\t\t\t\t\t\t\t\t\t<\/div>\n\t\t\t\t<\/div>\n\t\t\t\t<\/div>\n\t\t<div class=\"elementor-element elementor-element-ac0c186 e-con-full e-flex e-con e-child\" data-id=\"ac0c186\" data-element_type=\"container\">\n\t\t\t\t<div class=\"elementor-element elementor-element-b57c32f elementor-widget elementor-widget-heading\" data-id=\"b57c32f\" data-element_type=\"widget\" data-widget_type=\"heading.default\">\n\t\t\t\t<div class=\"elementor-widget-container\">\n\t\t\t<span class=\"elementor-heading-title elementor-size-default\">Redacci\u00f3n del documento base (Planes de Higiene y APPCC)<\/span>\t\t<\/div>\n\t\t\t\t<\/div>\n\t\t\t\t<\/div>\n\t\t\t\t<\/div>\n\t\t<div class=\"elementor-element elementor-element-3f9f9fe e-con-full e-flex e-con e-child\" data-id=\"3f9f9fe\" data-element_type=\"container\">\n\t\t<div class=\"elementor-element elementor-element-f2abe94 e-con-full e-flex e-con e-child\" data-id=\"f2abe94\" data-element_type=\"container\">\n\t\t\t\t<div class=\"elementor-element elementor-element-cc0a33a elementor-widget elementor-widget-image\" data-id=\"cc0a33a\" data-element_type=\"widget\" data-widget_type=\"image.default\">\n\t\t\t\t<div class=\"elementor-widget-container\">\n\t\t\t\t\t\t\t\t\t\t\t\t\t<img decoding=\"async\" width=\"100\" height=\"100\" src=\"https:\/\/dualconsultores.es\/wp-content\/uploads\/2024\/06\/thumnaildc.png\" class=\"attachment-medium_large size-medium_large wp-image-322\" alt=\"\" \/>\t\t\t\t\t\t\t\t\t\t\t\t\t<\/div>\n\t\t\t\t<\/div>\n\t\t\t\t<\/div>\n\t\t<div class=\"elementor-element elementor-element-b2fdf7f e-con-full e-flex e-con e-child\" data-id=\"b2fdf7f\" data-element_type=\"container\">\n\t\t\t\t<div class=\"elementor-element elementor-element-2f7c8ae elementor-widget elementor-widget-heading\" data-id=\"2f7c8ae\" data-element_type=\"widget\" data-widget_type=\"heading.default\">\n\t\t\t\t<div class=\"elementor-widget-container\">\n\t\t\t<span class=\"elementor-heading-title elementor-size-default\">Planificaci\u00f3n anual del Sistema.<\/span>\t\t<\/div>\n\t\t\t\t<\/div>\n\t\t\t\t<\/div>\n\t\t\t\t<\/div>\n\t\t<div class=\"elementor-element elementor-element-ba7deb0 e-con-full e-flex e-con e-child\" data-id=\"ba7deb0\" data-element_type=\"container\">\n\t\t<div class=\"elementor-element elementor-element-39bb317 e-con-full e-flex e-con e-child\" data-id=\"39bb317\" data-element_type=\"container\">\n\t\t\t\t<div class=\"elementor-element elementor-element-03ff925 elementor-widget elementor-widget-image\" data-id=\"03ff925\" data-element_type=\"widget\" data-widget_type=\"image.default\">\n\t\t\t\t<div class=\"elementor-widget-container\">\n\t\t\t\t\t\t\t\t\t\t\t\t\t<img decoding=\"async\" width=\"100\" height=\"100\" src=\"https:\/\/dualconsultores.es\/wp-content\/uploads\/2024\/06\/thumnaildc.png\" class=\"attachment-medium_large size-medium_large wp-image-322\" alt=\"\" \/>\t\t\t\t\t\t\t\t\t\t\t\t\t<\/div>\n\t\t\t\t<\/div>\n\t\t\t\t<\/div>\n\t\t<div class=\"elementor-element elementor-element-09c12fd e-con-full e-flex e-con e-child\" data-id=\"09c12fd\" data-element_type=\"container\">\n\t\t\t\t<div class=\"elementor-element elementor-element-d4f9265 elementor-widget elementor-widget-heading\" data-id=\"d4f9265\" data-element_type=\"widget\" data-widget_type=\"heading.default\">\n\t\t\t\t<div class=\"elementor-widget-container\">\n\t\t\t<span class=\"elementor-heading-title elementor-size-default\">Actualizaciones pertinentes de toda la Documentaci\u00f3n del Sistema.<\/span>\t\t<\/div>\n\t\t\t\t<\/div>\n\t\t\t\t<\/div>\n\t\t\t\t<\/div>\n\t\t<div class=\"elementor-element elementor-element-abdc222 e-con-full e-flex e-con e-child\" data-id=\"abdc222\" data-element_type=\"container\">\n\t\t<div class=\"elementor-element elementor-element-46fcc37 e-con-full e-flex e-con e-child\" data-id=\"46fcc37\" data-element_type=\"container\">\n\t\t\t\t<div class=\"elementor-element elementor-element-998bdec elementor-widget elementor-widget-image\" data-id=\"998bdec\" data-element_type=\"widget\" data-widget_type=\"image.default\">\n\t\t\t\t<div class=\"elementor-widget-container\">\n\t\t\t\t\t\t\t\t\t\t\t\t\t<img decoding=\"async\" width=\"100\" height=\"100\" src=\"https:\/\/dualconsultores.es\/wp-content\/uploads\/2024\/06\/thumnaildc.png\" class=\"attachment-medium_large size-medium_large wp-image-322\" alt=\"\" \/>\t\t\t\t\t\t\t\t\t\t\t\t\t<\/div>\n\t\t\t\t<\/div>\n\t\t\t\t<\/div>\n\t\t<div class=\"elementor-element elementor-element-13c2045 e-con-full e-flex e-con e-child\" data-id=\"13c2045\" data-element_type=\"container\">\n\t\t\t\t<div class=\"elementor-element elementor-element-ee1be93 elementor-widget elementor-widget-heading\" data-id=\"ee1be93\" data-element_type=\"widget\" data-widget_type=\"heading.default\">\n\t\t\t\t<div class=\"elementor-widget-container\">\n\t\t\t<span class=\"elementor-heading-title elementor-size-default\">Comprobaci\u00f3n del uso de dicha documentaci\u00f3n.<\/span>\t\t<\/div>\n\t\t\t\t<\/div>\n\t\t\t\t<\/div>\n\t\t\t\t<\/div>\n\t\t<div class=\"elementor-element elementor-element-9eda048 e-con-full e-flex e-con e-child\" data-id=\"9eda048\" data-element_type=\"container\">\n\t\t<div class=\"elementor-element elementor-element-077c4fd e-con-full e-flex e-con e-child\" data-id=\"077c4fd\" data-element_type=\"container\">\n\t\t\t\t<div class=\"elementor-element elementor-element-5a4581f elementor-widget elementor-widget-image\" data-id=\"5a4581f\" data-element_type=\"widget\" data-widget_type=\"image.default\">\n\t\t\t\t<div class=\"elementor-widget-container\">\n\t\t\t\t\t\t\t\t\t\t\t\t\t<img decoding=\"async\" width=\"100\" height=\"100\" src=\"https:\/\/dualconsultores.es\/wp-content\/uploads\/2024\/06\/thumnaildc.png\" class=\"attachment-medium_large size-medium_large wp-image-322\" alt=\"\" \/>\t\t\t\t\t\t\t\t\t\t\t\t\t<\/div>\n\t\t\t\t<\/div>\n\t\t\t\t<\/div>\n\t\t<div class=\"elementor-element elementor-element-dab649d e-con-full e-flex e-con e-child\" data-id=\"dab649d\" data-element_type=\"container\">\n\t\t\t\t<div class=\"elementor-element elementor-element-57ddd21 elementor-widget elementor-widget-heading\" data-id=\"57ddd21\" data-element_type=\"widget\" data-widget_type=\"heading.default\">\n\t\t\t\t<div class=\"elementor-widget-container\">\n\t\t\t<span class=\"elementor-heading-title elementor-size-default\">Realizaci\u00f3n de las actuaciones necesarias para el buen funcionamiento del Sistema, incluyendo implantaci\u00f3n, seguimiento, formaci\u00f3n, etc.<\/span>\t\t<\/div>\n\t\t\t\t<\/div>\n\t\t\t\t<\/div>\n\t\t\t\t<\/div>\n\t\t<div class=\"elementor-element elementor-element-25e8547 e-con-full e-flex e-con e-child\" data-id=\"25e8547\" data-element_type=\"container\">\n\t\t<div class=\"elementor-element elementor-element-fbd1774 e-con-full e-flex e-con e-child\" data-id=\"fbd1774\" data-element_type=\"container\">\n\t\t\t\t<div class=\"elementor-element elementor-element-cccf8f3 elementor-widget elementor-widget-image\" data-id=\"cccf8f3\" data-element_type=\"widget\" data-widget_type=\"image.default\">\n\t\t\t\t<div class=\"elementor-widget-container\">\n\t\t\t\t\t\t\t\t\t\t\t\t\t<img decoding=\"async\" width=\"100\" height=\"100\" src=\"https:\/\/dualconsultores.es\/wp-content\/uploads\/2024\/06\/thumnaildc.png\" class=\"attachment-medium_large size-medium_large wp-image-322\" alt=\"\" \/>\t\t\t\t\t\t\t\t\t\t\t\t\t<\/div>\n\t\t\t\t<\/div>\n\t\t\t\t<\/div>\n\t\t<div class=\"elementor-element elementor-element-ad98904 e-con-full e-flex e-con e-child\" data-id=\"ad98904\" data-element_type=\"container\">\n\t\t\t\t<div class=\"elementor-element elementor-element-062a381 elementor-widget elementor-widget-heading\" data-id=\"062a381\" data-element_type=\"widget\" data-widget_type=\"heading.default\">\n\t\t\t\t<div class=\"elementor-widget-container\">\n\t\t\t<span class=\"elementor-heading-title elementor-size-default\">Revisi\u00f3n peri\u00f3dica del cumplimiento de los Planes de Higiene a partir de sus registros.<\/span>\t\t<\/div>\n\t\t\t\t<\/div>\n\t\t\t\t<\/div>\n\t\t\t\t<\/div>\n\t\t<div class=\"elementor-element elementor-element-a91d658 e-con-full e-flex e-con e-child\" data-id=\"a91d658\" data-element_type=\"container\">\n\t\t<div class=\"elementor-element elementor-element-88ec97c e-con-full e-flex e-con e-child\" data-id=\"88ec97c\" data-element_type=\"container\">\n\t\t\t\t<div class=\"elementor-element elementor-element-2cd1b3e elementor-widget elementor-widget-image\" data-id=\"2cd1b3e\" data-element_type=\"widget\" data-widget_type=\"image.default\">\n\t\t\t\t<div class=\"elementor-widget-container\">\n\t\t\t\t\t\t\t\t\t\t\t\t\t<img decoding=\"async\" width=\"100\" height=\"100\" src=\"https:\/\/dualconsultores.es\/wp-content\/uploads\/2024\/06\/thumnaildc.png\" class=\"attachment-medium_large size-medium_large wp-image-322\" alt=\"\" \/>\t\t\t\t\t\t\t\t\t\t\t\t\t<\/div>\n\t\t\t\t<\/div>\n\t\t\t\t<\/div>\n\t\t<div class=\"elementor-element elementor-element-8d2e69a e-con-full e-flex e-con e-child\" data-id=\"8d2e69a\" data-element_type=\"container\">\n\t\t\t\t<div class=\"elementor-element elementor-element-736d016 elementor-widget elementor-widget-heading\" data-id=\"736d016\" data-element_type=\"widget\" data-widget_type=\"heading.default\">\n\t\t\t\t<div class=\"elementor-widget-container\">\n\t\t\t<span class=\"elementor-heading-title elementor-size-default\">Adaptaci\u00f3n y modificaci\u00f3n de documentaci\u00f3n y registros.<\/span>\t\t<\/div>\n\t\t\t\t<\/div>\n\t\t\t\t<\/div>\n\t\t\t\t<\/div>\n\t\t<div class=\"elementor-element elementor-element-bd8b948 e-con-full e-flex e-con e-child\" data-id=\"bd8b948\" data-element_type=\"container\">\n\t\t<div class=\"elementor-element elementor-element-f83c1b0 e-con-full e-flex e-con e-child\" data-id=\"f83c1b0\" data-element_type=\"container\">\n\t\t\t\t<div class=\"elementor-element elementor-element-fadaaa4 elementor-widget elementor-widget-image\" data-id=\"fadaaa4\" data-element_type=\"widget\" data-widget_type=\"image.default\">\n\t\t\t\t<div class=\"elementor-widget-container\">\n\t\t\t\t\t\t\t\t\t\t\t\t\t<img decoding=\"async\" width=\"100\" height=\"100\" src=\"https:\/\/dualconsultores.es\/wp-content\/uploads\/2024\/06\/thumnaildc.png\" class=\"attachment-medium_large size-medium_large wp-image-322\" alt=\"\" \/>\t\t\t\t\t\t\t\t\t\t\t\t\t<\/div>\n\t\t\t\t<\/div>\n\t\t\t\t<\/div>\n\t\t<div class=\"elementor-element elementor-element-84b89dd e-con-full e-flex e-con e-child\" data-id=\"84b89dd\" data-element_type=\"container\">\n\t\t\t\t<div class=\"elementor-element elementor-element-4d0527b elementor-widget elementor-widget-heading\" data-id=\"4d0527b\" data-element_type=\"widget\" data-widget_type=\"heading.default\">\n\t\t\t\t<div class=\"elementor-widget-container\">\n\t\t\t<span class=\"elementor-heading-title elementor-size-default\">Seguimiento de las revisiones e inspecciones pertinentes y realizaci\u00f3n del plan de acciones correctivas.<\/span>\t\t<\/div>\n\t\t\t\t<\/div>\n\t\t\t\t<\/div>\n\t\t\t\t<\/div>\n\t\t<div class=\"elementor-element elementor-element-0c003fd e-con-full e-flex e-con e-child\" data-id=\"0c003fd\" data-element_type=\"container\">\n\t\t<div class=\"elementor-element elementor-element-bb867e3 e-con-full e-flex e-con e-child\" data-id=\"bb867e3\" data-element_type=\"container\">\n\t\t\t\t<div class=\"elementor-element elementor-element-badd5f2 elementor-widget elementor-widget-image\" data-id=\"badd5f2\" data-element_type=\"widget\" data-widget_type=\"image.default\">\n\t\t\t\t<div class=\"elementor-widget-container\">\n\t\t\t\t\t\t\t\t\t\t\t\t\t<img decoding=\"async\" width=\"100\" height=\"100\" src=\"https:\/\/dualconsultores.es\/wp-content\/uploads\/2024\/06\/thumnaildc.png\" class=\"attachment-medium_large size-medium_large wp-image-322\" alt=\"\" \/>\t\t\t\t\t\t\t\t\t\t\t\t\t<\/div>\n\t\t\t\t<\/div>\n\t\t\t\t<\/div>\n\t\t<div class=\"elementor-element elementor-element-dc67ce6 e-con-full e-flex e-con e-child\" data-id=\"dc67ce6\" data-element_type=\"container\">\n\t\t\t\t<div class=\"elementor-element elementor-element-c49402c elementor-widget elementor-widget-heading\" data-id=\"c49402c\" data-element_type=\"widget\" data-widget_type=\"heading.default\">\n\t\t\t\t<div class=\"elementor-widget-container\">\n\t\t\t<span class=\"elementor-heading-title elementor-size-default\">Formaci\u00f3n correspondiente para cada actividad o sector.<\/span>\t\t<\/div>\n\t\t\t\t<\/div>\n\t\t\t\t<\/div>\n\t\t\t\t<\/div>\n\t\t\t\t<\/div>\n\t\t\t\t<div class=\"elementor-element elementor-element-0f855a7 elementor-widget elementor-widget-text-editor\" data-id=\"0f855a7\" data-element_type=\"widget\" data-widget_type=\"text-editor.default\">\n\t\t\t\t<div class=\"elementor-widget-container\">\n\t\t\t\t\t\t\t<p><span style=\"color: #666666;\">La Higiene Alimentaria podr\u00eda mejorar usando las herramientas del Sistema Normalizado\u00a0<\/span><strong><a href=\"http:\/\/www.dualconsultores.es\/sistemas-normalizados\/\" target=\"_blank\" rel=\"noopener\"><span style=\"color: #666666;\">ISO 22000 \u201cGesti\u00f3n de Inocuidad de los alimentos\u201d<\/span><\/a><\/strong><\/p>\t\t\t\t\t\t<\/div>\n\t\t\t\t<\/div>\n\t\t\t\t\t<\/div>\n\t\t\t\t<\/div>\n\t\t\t\t<\/div>\n\t\t","protected":false},"excerpt":{"rendered":"<p>HIGIENE ALIMENTARIA La normativa, tanto europea, como estatal o auton\u00f3mica, exigen que cada empresa del sector alimentario garanticen las condiciones higi\u00e9nico-sanitarias de sus productos. Por tal motivo existen numerosas exigencias legales, entre las que se encuentran, con principal protagonismoe importancia, los denominados Planes de Autocontrol, es decir, los Planes Generales de Higiene (PGH) y el [&hellip;]<\/p>\n","protected":false},"author":2,"featured_media":0,"parent":0,"menu_order":0,"comment_status":"closed","ping_status":"closed","template":"elementor_theme","meta":{"footnotes":""},"_links":{"self":[{"href":"https:\/\/dualconsultores.es\/index.php\/wp-json\/wp\/v2\/pages\/380"}],"collection":[{"href":"https:\/\/dualconsultores.es\/index.php\/wp-json\/wp\/v2\/pages"}],"about":[{"href":"https:\/\/dualconsultores.es\/index.php\/wp-json\/wp\/v2\/types\/page"}],"author":[{"embeddable":true,"href":"https:\/\/dualconsultores.es\/index.php\/wp-json\/wp\/v2\/users\/2"}],"replies":[{"embeddable":true,"href":"https:\/\/dualconsultores.es\/index.php\/wp-json\/wp\/v2\/comments?post=380"}],"version-history":[{"count":22,"href":"https:\/\/dualconsultores.es\/index.php\/wp-json\/wp\/v2\/pages\/380\/revisions"}],"predecessor-version":[{"id":1033,"href":"https:\/\/dualconsultores.es\/index.php\/wp-json\/wp\/v2\/pages\/380\/revisions\/1033"}],"wp:attachment":[{"href":"https:\/\/dualconsultores.es\/index.php\/wp-json\/wp\/v2\/media?parent=380"}],"curies":[{"name":"wp","href":"https:\/\/api.w.org\/{rel}","templated":true}]}}