{"id":385,"date":"2024-06-20T13:09:49","date_gmt":"2024-06-20T11:09:49","guid":{"rendered":"http:\/\/192.168.1.165\/dual_wp\/?page_id=385"},"modified":"2024-10-02T16:28:36","modified_gmt":"2024-10-02T14:28:36","slug":"otros-servicios","status":"publish","type":"page","link":"https:\/\/dualconsultores.es\/index.php\/otros-servicios\/","title":{"rendered":"Otros servicios"},"content":{"rendered":"\t\t<div data-elementor-type=\"wp-page\" data-elementor-id=\"385\" class=\"elementor elementor-385\">\n\t\t\t\t<div class=\"elementor-element elementor-element-842881d e-flex e-con-boxed e-con e-parent\" data-id=\"842881d\" data-element_type=\"container\">\n\t\t\t\t\t<div class=\"e-con-inner\">\n\t\t\t\t<div class=\"elementor-element elementor-element-6333a57 elementor-widget elementor-widget-heading\" data-id=\"6333a57\" data-element_type=\"widget\" data-widget_type=\"heading.default\">\n\t\t\t\t<div class=\"elementor-widget-container\">\n\t\t\t<style>\/*! elementor - v3.22.0 - 17-06-2024 *\/\n.elementor-heading-title{padding:0;margin:0;line-height:1}.elementor-widget-heading .elementor-heading-title[class*=elementor-size-]>a{color:inherit;font-size:inherit;line-height:inherit}.elementor-widget-heading .elementor-heading-title.elementor-size-small{font-size:15px}.elementor-widget-heading .elementor-heading-title.elementor-size-medium{font-size:19px}.elementor-widget-heading .elementor-heading-title.elementor-size-large{font-size:29px}.elementor-widget-heading .elementor-heading-title.elementor-size-xl{font-size:39px}.elementor-widget-heading .elementor-heading-title.elementor-size-xxl{font-size:59px}<\/style><h4 class=\"elementor-heading-title elementor-size-default\">OTROS SERVICIOS<\/h4>\t\t<\/div>\n\t\t\t\t<\/div>\n\t\t\t\t<div class=\"elementor-element elementor-element-d93c8a2 elementor-widget elementor-widget-text-editor\" data-id=\"d93c8a2\" data-element_type=\"widget\" data-widget_type=\"text-editor.default\">\n\t\t\t\t<div class=\"elementor-widget-container\">\n\t\t\t<style>\/*! elementor - v3.22.0 - 17-06-2024 *\/\n.elementor-widget-text-editor.elementor-drop-cap-view-stacked .elementor-drop-cap{background-color:#69727d;color:#fff}.elementor-widget-text-editor.elementor-drop-cap-view-framed .elementor-drop-cap{color:#69727d;border:3px solid;background-color:transparent}.elementor-widget-text-editor:not(.elementor-drop-cap-view-default) .elementor-drop-cap{margin-top:8px}.elementor-widget-text-editor:not(.elementor-drop-cap-view-default) .elementor-drop-cap-letter{width:1em;height:1em}.elementor-widget-text-editor .elementor-drop-cap{float:left;text-align:center;line-height:1;font-size:50px}.elementor-widget-text-editor .elementor-drop-cap-letter{display:inline-block}<\/style>\t\t\t\t<p><span style=\"color: #666666;\">Adem\u00e1s de los reflejados en otros lugares de esta p\u00e1gina, Dual Consultores GTU S.L. dispone de T\u00e9cnicos, medios y colaboradores capaces de prestar todos los servicios que pudiera demandar cualquier empresa, como son los reflejados en el siguiente infogr\u00e1fico:<\/span><\/p>\t\t\t\t\t\t<\/div>\n\t\t\t\t<\/div>\n\t\t\t\t\t<\/div>\n\t\t\t\t<\/div>\n\t\t<div class=\"elementor-element elementor-element-9c4d36c e-con-full e-flex e-con e-parent\" data-id=\"9c4d36c\" data-element_type=\"container\">\n\t\t\t\t<div class=\"elementor-element elementor-element-334a038 elementor-widget elementor-widget-image\" data-id=\"334a038\" data-element_type=\"widget\" data-widget_type=\"image.default\">\n\t\t\t\t<div class=\"elementor-widget-container\">\n\t\t\t<style>\/*! elementor - v3.22.0 - 17-06-2024 *\/\n.elementor-widget-image{text-align:center}.elementor-widget-image a{display:inline-block}.elementor-widget-image a img[src$=\".svg\"]{width:48px}.elementor-widget-image img{vertical-align:middle;display:inline-block}<\/style>\t\t\t\t\t\t\t\t\t\t<img fetchpriority=\"high\" decoding=\"async\" width=\"738\" height=\"660\" src=\"https:\/\/dualconsultores.es\/wp-content\/uploads\/2024\/06\/otros1.png\" class=\"attachment-large size-large wp-image-387\" alt=\"\" srcset=\"https:\/\/dualconsultores.es\/wp-content\/uploads\/2024\/06\/otros1.png 738w, https:\/\/dualconsultores.es\/wp-content\/uploads\/2024\/06\/otros1-300x268.png 300w\" sizes=\"(max-width: 738px) 100vw, 738px\" \/>\t\t\t\t\t\t\t\t\t\t\t\t\t<\/div>\n\t\t\t\t<\/div>\n\t\t\t\t<div class=\"elementor-element elementor-element-0dd376d elementor-widget elementor-widget-text-editor\" data-id=\"0dd376d\" data-element_type=\"widget\" data-widget_type=\"text-editor.default\">\n\t\t\t\t<div class=\"elementor-widget-container\">\n\t\t\t\t\t\t\t<p><span style=\"color: #666666;\">Si desea solicitar cualquiera de los servicios ofrecidos, por favor, contacte con nosotros mediante el\u00a0<\/span><a href=\"http:\/\/localhost:81\/index.php\/formulario-de-contacto\/\" target=\"_blank\" rel=\"noopener\"><span style=\"color: #666666;\">formulario de contacto<\/span><\/a><\/p>\t\t\t\t\t\t<\/div>\n\t\t\t\t<\/div>\n\t\t\t\t<\/div>\n\t\t\t\t<\/div>\n\t\t","protected":false},"excerpt":{"rendered":"<p>OTROS SERVICIOS Adem\u00e1s de los reflejados en otros lugares de esta p\u00e1gina, Dual Consultores GTU S.L. dispone de T\u00e9cnicos, medios y colaboradores capaces de prestar todos los servicios que pudiera demandar cualquier empresa, como son los reflejados en el siguiente infogr\u00e1fico: Si desea solicitar cualquiera de los servicios ofrecidos, por favor, contacte con nosotros mediante [&hellip;]<\/p>\n","protected":false},"author":2,"featured_media":0,"parent":0,"menu_order":0,"comment_status":"closed","ping_status":"closed","template":"elementor_theme","meta":{"footnotes":""},"_links":{"self":[{"href":"https:\/\/dualconsultores.es\/index.php\/wp-json\/wp\/v2\/pages\/385"}],"collection":[{"href":"https:\/\/dualconsultores.es\/index.php\/wp-json\/wp\/v2\/pages"}],"about":[{"href":"https:\/\/dualconsultores.es\/index.php\/wp-json\/wp\/v2\/types\/page"}],"author":[{"embeddable":true,"href":"https:\/\/dualconsultores.es\/index.php\/wp-json\/wp\/v2\/users\/2"}],"replies":[{"embeddable":true,"href":"https:\/\/dualconsultores.es\/index.php\/wp-json\/wp\/v2\/comments?post=385"}],"version-history":[{"count":19,"href":"https:\/\/dualconsultores.es\/index.php\/wp-json\/wp\/v2\/pages\/385\/revisions"}],"predecessor-version":[{"id":985,"href":"https:\/\/dualconsultores.es\/index.php\/wp-json\/wp\/v2\/pages\/385\/revisions\/985"}],"wp:attachment":[{"href":"https:\/\/dualconsultores.es\/index.php\/wp-json\/wp\/v2\/media?parent=385"}],"curies":[{"name":"wp","href":"https:\/\/api.w.org\/{rel}","templated":true}]}}